{"id":975,"date":"2013-11-08T19:51:56","date_gmt":"2013-11-08T19:51:56","guid":{"rendered":"http:\/\/villasilvakorcula.com\/?page_id=975"},"modified":"2020-09-25T09:27:00","modified_gmt":"2020-09-25T07:27:00","slug":"apartmani-vela-luka","status":"publish","type":"page","link":"https:\/\/www.villasilvakorcula.com\/hr\/apartmani-vela-luka\/","title":{"rendered":"Apartmani Vela Luka"},"content":{"rendered":"<h2>Vila Silva &#8211; Apartmani Vela Luka, Nova<\/h2>\n<div class=\"custom-frame-wrapper alignleft frame-shadow\"><div class=\"custom-frame-inner-wrapper\"><div class=\"custom-frame-padding\"><img loading=\"lazy\" decoding=\"async\" class=\"alignnone wp-image-2740 size-medium\" src=\"https:\/\/www.villasilvakorcula.com\/wp-content\/uploads\/2017\/08\/villa-silva-vela-luka-nova-from-air-01-300x166.jpg\" alt=\"\" width=\"300\" height=\"166\" srcset=\"https:\/\/www.villasilvakorcula.com\/wp-content\/uploads\/2017\/08\/villa-silva-vela-luka-nova-from-air-01-300x166.jpg 300w, https:\/\/www.villasilvakorcula.com\/wp-content\/uploads\/2017\/08\/villa-silva-vela-luka-nova-from-air-01-768x425.jpg 768w, https:\/\/www.villasilvakorcula.com\/wp-content\/uploads\/2017\/08\/villa-silva-vela-luka-nova-from-air-01-600x332.jpg 600w, https:\/\/www.villasilvakorcula.com\/wp-content\/uploads\/2017\/08\/villa-silva-vela-luka-nova-from-air-01.jpg 928w\" sizes=\"auto, (max-width: 300px) 100vw, 300px\" \/><\/div><\/div><\/div>Dobro do\u0161li na web stranice na kojima su predstavljeni apartmani Villa Silva,\u00a0 apartmani Vela Luka u mjesta\u0161cu Nova. Vila je smje\u0161tena\u00a0 na savr\u0161enoj poziciji 15 metara od mora, a okru\u017euje ju tipi\u010dni mediteranski ambijent. Azurno plavo more koje oplakuje pla\u017ee od oblutaka, hipnoti\u010dki zvuci cvr\u010daka, hladovina pod borovima oblikovali su ovo mjesto u idealnu lokaciju za odmor u Hrvatskoj na otoku Kor\u010dula.<\/p>\n<p>Stilski ure\u0111eni i luksuzni apartmani blizu mora okru\u017eeni su velikim vrtom ure\u0111enim u izvornom dalmatinsko-mediteranskom stilu. Idealan odmor za cijelu obitelj pru\u017ea vam ova vila, a Kor\u010dula je k tome jedan od najromanti\u010dnijih hrvatskih otoka s mnogim skrivenim \u010darima.<\/p>\n<div class=\"simple \" style=\"background-color:#F5F5F5; color:#333333;\"><div class=\"inner-padding\">Smje\u0161taj u Vili Silva sastoji se od jednog apartmana s 4 zvjezdice i tri apartmana s 3 zvjezdice. Svi apartmani imaju natkriven balkon s prekrasnim pogledom na more, prostrane dnevne boravke i spava\u0107e sobe, kompletno opremljene kuhinje i osigurano mjesto za parking.<\/div><\/div>\n<p>Ostala oprema apartmana<\/p>\n\n<ul class=\"list-1\">\n<li>Klima ure\u0111aji<\/li>\n<li>SAT TV<\/li>\n<li>WI-FI Internet<\/li>\n<li>Perilica posu\u0111a<\/li>\n<li>Perilica rublja<\/li>\n<\/ul>\n\n<div class=\"info \"><div class=\"msg-box-icon\">\n<div style=\"padding-bottom: 15px;\">\n<div class=\"custom-frame-wrapper alignright frame-shadow\"><div class=\"custom-frame-inner-wrapper\"><div class=\"custom-frame-padding\"><img loading=\"lazy\" decoding=\"async\" class=\"alignnone size-medium wp-image-2093\" src=\"https:\/\/www.villasilvakorcula.com\/wp-content\/uploads\/2016\/11\/house-23-300x199.jpg\" alt=\"Apartmani Kor\u010dula Villa Silva Vela Luka Pla\u017ea\" width=\"300\" height=\"199\" srcset=\"https:\/\/www.villasilvakorcula.com\/wp-content\/uploads\/2016\/11\/house-23-300x199.jpg 300w, https:\/\/www.villasilvakorcula.com\/wp-content\/uploads\/2016\/11\/house-23-768x509.jpg 768w, https:\/\/www.villasilvakorcula.com\/wp-content\/uploads\/2016\/11\/house-23-600x397.jpg 600w, https:\/\/www.villasilvakorcula.com\/wp-content\/uploads\/2016\/11\/house-23.jpg 900w\" sizes=\"auto, (max-width: 300px) 100vw, 300px\" \/><\/div><\/div><\/div>\n<p>Svi gosti Vile Silve imaju na raspolaganju ure\u0111enu pla\u017eu koja se nalazi 15 metara od ku\u0107e. Tako\u0111er, 50 metara od ku\u0107e je predivna pla\u017ea od oblutaka koja je idealna za djecu. Na obli\u017enjim oto\u010di\u0107ima isto se nalaze pla\u017ee od oblutaka. Sve ovo i jo\u0161 mnogo vi\u0161e \u0161to se mo\u017ee prona\u0107i u okolici i pod morem \u010dini ovo mjesto nezaboravnim uto\u010di\u0161tem od bu\u010dnih gradskih ulica.<\/p>\n<\/div>\n<\/div><\/div>\n","protected":false},"excerpt":{"rendered":"<p>Vila Silva &#8211; Apartmani Vela Luka, Nova Dobro do\u0161li na web stranice na kojima su predstavljeni apartmani Villa Silva,\u00a0 apartmani Vela Luka u mjesta\u0161cu Nova. Vila je smje\u0161tena\u00a0 na savr\u0161enoj poziciji 15 metara od mora, a okru\u017euje ju tipi\u010dni mediteranski ambijent. Azurno plavo more koje oplakuje pla\u017ee<\/p>\n","protected":false},"author":4,"featured_media":0,"parent":0,"menu_order":0,"comment_status":"closed","ping_status":"closed","template":"page-PageTemplate2.php","meta":{"footnotes":""},"class_list":["post-975","page","type-page","status-publish","hentry"],"yoast_head":"<!-- This site is optimized with the Yoast SEO plugin v26.2 - https:\/\/yoast.com\/wordpress\/plugins\/seo\/ -->\n<title>Apartmani Vela Luka Villa Silva<\/title>\n<meta name=\"robots\" content=\"index, follow, max-snippet:-1, max-image-preview:large, max-video-preview:-1\" \/>\n<link rel=\"canonical\" href=\"https:\/\/www.villasilvakorcula.com\/hr\/apartmani-vela-luka\/\" \/>\n<meta property=\"og:locale\" content=\"hr_HR\" \/>\n<meta property=\"og:type\" content=\"article\" \/>\n<meta property=\"og:title\" content=\"Apartmani Vela Luka Villa Silva\" \/>\n<meta property=\"og:description\" content=\"Vila Silva &#8211; Apartmani Vela Luka, Nova Dobro do\u0161li na web stranice na kojima su predstavljeni apartmani Villa Silva,\u00a0 apartmani Vela Luka u mjesta\u0161cu Nova. Vila je smje\u0161tena\u00a0 na savr\u0161enoj poziciji 15 metara od mora, a okru\u017euje ju tipi\u010dni mediteranski ambijent. Azurno plavo more koje oplakuje pla\u017ee\" \/>\n<meta property=\"og:url\" content=\"https:\/\/www.villasilvakorcula.com\/hr\/apartmani-vela-luka\/\" \/>\n<meta property=\"og:site_name\" content=\"Villa Silva\" \/>\n<meta property=\"article:modified_time\" content=\"2020-09-25T07:27:00+00:00\" \/>\n<meta property=\"og:image\" content=\"https:\/\/www.villasilvakorcula.com\/wp-content\/uploads\/2017\/08\/villa-silva-vela-luka-nova-from-air-01-300x166.jpg\" \/>\n<meta name=\"twitter:label1\" content=\"Procijenjeno vrijeme \u010ditanja\" \/>\n\t<meta name=\"twitter:data1\" content=\"1 minuta\" \/>\n<script type=\"application\/ld+json\" class=\"yoast-schema-graph\">{\"@context\":\"https:\/\/schema.org\",\"@graph\":[{\"@type\":\"WebPage\",\"@id\":\"https:\/\/www.villasilvakorcula.com\/hr\/apartmani-vela-luka\/\",\"url\":\"https:\/\/www.villasilvakorcula.com\/hr\/apartmani-vela-luka\/\",\"name\":\"Apartmani Vela Luka Villa Silva\",\"isPartOf\":{\"@id\":\"https:\/\/www.villasilvakorcula.com\/#website\"},\"primaryImageOfPage\":{\"@id\":\"https:\/\/www.villasilvakorcula.com\/hr\/apartmani-vela-luka\/#primaryimage\"},\"image\":{\"@id\":\"https:\/\/www.villasilvakorcula.com\/hr\/apartmani-vela-luka\/#primaryimage\"},\"thumbnailUrl\":\"https:\/\/www.villasilvakorcula.com\/wp-content\/uploads\/2017\/08\/villa-silva-vela-luka-nova-from-air-01-300x166.jpg\",\"datePublished\":\"2013-11-08T19:51:56+00:00\",\"dateModified\":\"2020-09-25T07:27:00+00:00\",\"breadcrumb\":{\"@id\":\"https:\/\/www.villasilvakorcula.com\/hr\/apartmani-vela-luka\/#breadcrumb\"},\"inLanguage\":\"hr\",\"potentialAction\":[{\"@type\":\"ReadAction\",\"target\":[\"https:\/\/www.villasilvakorcula.com\/hr\/apartmani-vela-luka\/\"]}]},{\"@type\":\"ImageObject\",\"inLanguage\":\"hr\",\"@id\":\"https:\/\/www.villasilvakorcula.com\/hr\/apartmani-vela-luka\/#primaryimage\",\"url\":\"https:\/\/www.villasilvakorcula.com\/wp-content\/uploads\/2017\/08\/villa-silva-vela-luka-nova-from-air-01-300x166.jpg\",\"contentUrl\":\"https:\/\/www.villasilvakorcula.com\/wp-content\/uploads\/2017\/08\/villa-silva-vela-luka-nova-from-air-01-300x166.jpg\"},{\"@type\":\"BreadcrumbList\",\"@id\":\"https:\/\/www.villasilvakorcula.com\/hr\/apartmani-vela-luka\/#breadcrumb\",\"itemListElement\":[{\"@type\":\"ListItem\",\"position\":1,\"name\":\"Home\",\"item\":\"https:\/\/www.villasilvakorcula.com\/\"},{\"@type\":\"ListItem\",\"position\":2,\"name\":\"Apartmani Vela Luka\"}]},{\"@type\":\"WebSite\",\"@id\":\"https:\/\/www.villasilvakorcula.com\/#website\",\"url\":\"https:\/\/www.villasilvakorcula.com\/\",\"name\":\"Villa Silva\",\"description\":\"\",\"potentialAction\":[{\"@type\":\"SearchAction\",\"target\":{\"@type\":\"EntryPoint\",\"urlTemplate\":\"https:\/\/www.villasilvakorcula.com\/?s={search_term_string}\"},\"query-input\":{\"@type\":\"PropertyValueSpecification\",\"valueRequired\":true,\"valueName\":\"search_term_string\"}}],\"inLanguage\":\"hr\"}]}<\/script>\n<!-- \/ Yoast SEO plugin. -->","yoast_head_json":{"title":"Apartmani Vela Luka Villa Silva","robots":{"index":"index","follow":"follow","max-snippet":"max-snippet:-1","max-image-preview":"max-image-preview:large","max-video-preview":"max-video-preview:-1"},"canonical":"https:\/\/www.villasilvakorcula.com\/hr\/apartmani-vela-luka\/","og_locale":"hr_HR","og_type":"article","og_title":"Apartmani Vela Luka Villa Silva","og_description":"Vila Silva &#8211; Apartmani Vela Luka, Nova Dobro do\u0161li na web stranice na kojima su predstavljeni apartmani Villa Silva,\u00a0 apartmani Vela Luka u mjesta\u0161cu Nova. Vila je smje\u0161tena\u00a0 na savr\u0161enoj poziciji 15 metara od mora, a okru\u017euje ju tipi\u010dni mediteranski ambijent. Azurno plavo more koje oplakuje pla\u017ee","og_url":"https:\/\/www.villasilvakorcula.com\/hr\/apartmani-vela-luka\/","og_site_name":"Villa Silva","article_modified_time":"2020-09-25T07:27:00+00:00","og_image":[{"url":"https:\/\/www.villasilvakorcula.com\/wp-content\/uploads\/2017\/08\/villa-silva-vela-luka-nova-from-air-01-300x166.jpg","type":"","width":"","height":""}],"twitter_misc":{"Procijenjeno vrijeme \u010ditanja":"1 minuta"},"schema":{"@context":"https:\/\/schema.org","@graph":[{"@type":"WebPage","@id":"https:\/\/www.villasilvakorcula.com\/hr\/apartmani-vela-luka\/","url":"https:\/\/www.villasilvakorcula.com\/hr\/apartmani-vela-luka\/","name":"Apartmani Vela Luka Villa Silva","isPartOf":{"@id":"https:\/\/www.villasilvakorcula.com\/#website"},"primaryImageOfPage":{"@id":"https:\/\/www.villasilvakorcula.com\/hr\/apartmani-vela-luka\/#primaryimage"},"image":{"@id":"https:\/\/www.villasilvakorcula.com\/hr\/apartmani-vela-luka\/#primaryimage"},"thumbnailUrl":"https:\/\/www.villasilvakorcula.com\/wp-content\/uploads\/2017\/08\/villa-silva-vela-luka-nova-from-air-01-300x166.jpg","datePublished":"2013-11-08T19:51:56+00:00","dateModified":"2020-09-25T07:27:00+00:00","breadcrumb":{"@id":"https:\/\/www.villasilvakorcula.com\/hr\/apartmani-vela-luka\/#breadcrumb"},"inLanguage":"hr","potentialAction":[{"@type":"ReadAction","target":["https:\/\/www.villasilvakorcula.com\/hr\/apartmani-vela-luka\/"]}]},{"@type":"ImageObject","inLanguage":"hr","@id":"https:\/\/www.villasilvakorcula.com\/hr\/apartmani-vela-luka\/#primaryimage","url":"https:\/\/www.villasilvakorcula.com\/wp-content\/uploads\/2017\/08\/villa-silva-vela-luka-nova-from-air-01-300x166.jpg","contentUrl":"https:\/\/www.villasilvakorcula.com\/wp-content\/uploads\/2017\/08\/villa-silva-vela-luka-nova-from-air-01-300x166.jpg"},{"@type":"BreadcrumbList","@id":"https:\/\/www.villasilvakorcula.com\/hr\/apartmani-vela-luka\/#breadcrumb","itemListElement":[{"@type":"ListItem","position":1,"name":"Home","item":"https:\/\/www.villasilvakorcula.com\/"},{"@type":"ListItem","position":2,"name":"Apartmani Vela Luka"}]},{"@type":"WebSite","@id":"https:\/\/www.villasilvakorcula.com\/#website","url":"https:\/\/www.villasilvakorcula.com\/","name":"Villa Silva","description":"","potentialAction":[{"@type":"SearchAction","target":{"@type":"EntryPoint","urlTemplate":"https:\/\/www.villasilvakorcula.com\/?s={search_term_string}"},"query-input":{"@type":"PropertyValueSpecification","valueRequired":true,"valueName":"search_term_string"}}],"inLanguage":"hr"}]}},"jetpack_sharing_enabled":true,"_links":{"self":[{"href":"https:\/\/www.villasilvakorcula.com\/hr\/wp-json\/wp\/v2\/pages\/975","targetHints":{"allow":["GET"]}}],"collection":[{"href":"https:\/\/www.villasilvakorcula.com\/hr\/wp-json\/wp\/v2\/pages"}],"about":[{"href":"https:\/\/www.villasilvakorcula.com\/hr\/wp-json\/wp\/v2\/types\/page"}],"author":[{"embeddable":true,"href":"https:\/\/www.villasilvakorcula.com\/hr\/wp-json\/wp\/v2\/users\/4"}],"replies":[{"embeddable":true,"href":"https:\/\/www.villasilvakorcula.com\/hr\/wp-json\/wp\/v2\/comments?post=975"}],"version-history":[{"count":0,"href":"https:\/\/www.villasilvakorcula.com\/hr\/wp-json\/wp\/v2\/pages\/975\/revisions"}],"wp:attachment":[{"href":"https:\/\/www.villasilvakorcula.com\/hr\/wp-json\/wp\/v2\/media?parent=975"}],"curies":[{"name":"wp","href":"https:\/\/api.w.org\/{rel}","templated":true}]}}