{"id":1064,"date":"2013-11-10T00:27:39","date_gmt":"2013-11-10T00:27:39","guid":{"rendered":"http:\/\/villasilvakorcula.com\/?page_id=1064"},"modified":"2020-09-25T09:27:00","modified_gmt":"2020-09-25T07:27:00","slug":"kontakt","status":"publish","type":"page","link":"https:\/\/www.villasilvakorcula.com\/hr\/apartmani-vela-luka\/kontakt\/","title":{"rendered":"Kontakt i raspolo\u017eivost"},"content":{"rendered":"<h1>Rezervirajte apartman ili po\u0161aljite upit za raspolo\u017eivost<\/h1>\n<p>Silvana &amp; Perica Zuvela,<br \/>\nNova<br \/>\nTel. Vela Luka: +385 20 812 946<br \/>\nTel. Nova: +385 20 813 132<br \/>\nMob: +385 91 567 21 37<\/p>\n<p><strong>Molimo popunite donji formular za rezervaciju ili upit o raspolo\u017eivosti.<\/strong><\/p>\n<div class=\"custom \" style=\"background:-moz-linear-gradient(center top , #FFFCB5, #F4CBCB) repeat scroll 0 0 transparent;\n\t\t\t\t\t\t   background: -webkit-gradient(linear, center top, center bottom, from(#FFFCB5), to(#F4CBCB));\n\t\t\t\t\t\t   background: -o-linear-gradient(top, #FFFCB5 0%,#F4CBCB 99%); \/* Opera 11.10+ *\/\n\t\t\t\t\t\t   background: -ms-linear-gradient(top, #FFFCB5 0%,#F4CBCB 99%); \/* IE10+ *\/\n\t\t\t\t\t\t   margin-left:0 !important;\n\t\t\t\t\t\t   margin-right:0 !important;\n\t\t\t\t\t\t   border:1px solid #BBBBBB;\n\t\t\t\t\t\t   background-color: #F4CBCB;\n\t\t\t\t\t\t   width:100%;\n\t\t\t\t\t\t   color:#333333;\"><div class=\"inner-padding\">\n<div class=\"wpcf7 no-js\" id=\"wpcf7-f2134-o1\" lang=\"en-US\" dir=\"ltr\" data-wpcf7-id=\"2134\">\n<div class=\"screen-reader-response\"><p role=\"status\" aria-live=\"polite\" aria-atomic=\"true\"><\/p> <ul><\/ul><\/div>\n<form action=\"\/hr\/wp-json\/wp\/v2\/pages\/1064#wpcf7-f2134-o1\" method=\"post\" class=\"wpcf7-form init\" aria-label=\"Contact form\" novalidate=\"novalidate\" data-status=\"init\">\n<fieldset class=\"hidden-fields-container\"><input type=\"hidden\" name=\"_wpcf7\" value=\"2134\" \/><input type=\"hidden\" name=\"_wpcf7_version\" value=\"6.1.2\" \/><input type=\"hidden\" name=\"_wpcf7_locale\" value=\"en_US\" \/><input type=\"hidden\" name=\"_wpcf7_unit_tag\" value=\"wpcf7-f2134-o1\" \/><input type=\"hidden\" name=\"_wpcf7_container_post\" value=\"0\" \/><input type=\"hidden\" name=\"_wpcf7_posted_data_hash\" value=\"\" \/>\n<\/fieldset>\n<p>Va\u0161e ime (obavezno)\n<\/p>\n<p><span class=\"wpcf7-form-control-wrap\" data-name=\"your-name\"><input size=\"40\" maxlength=\"400\" class=\"wpcf7-form-control wpcf7-text wpcf7-validates-as-required\" aria-required=\"true\" aria-invalid=\"false\" value=\"\" type=\"text\" name=\"your-name\" \/><\/span>\n<\/p>\n<p>Va\u0161a e-mail adresa (obavezno)\n<\/p>\n<p><span class=\"wpcf7-form-control-wrap\" data-name=\"your-email\"><input size=\"40\" maxlength=\"400\" class=\"wpcf7-form-control wpcf7-email wpcf7-validates-as-required wpcf7-text wpcf7-validates-as-email\" aria-required=\"true\" aria-invalid=\"false\" value=\"\" type=\"email\" name=\"your-email\" \/><\/span>\n<\/p>\n<p>Dolazak\n<\/p>\n<p><span class=\"wpcf7-form-control-wrap\" data-name=\"text-arrival\"><input size=\"40\" maxlength=\"400\" class=\"wpcf7-form-control wpcf7-text datepicker\" aria-invalid=\"false\" value=\"\" type=\"text\" name=\"text-arrival\" \/><\/span>\n<\/p>\n<p>Odlazak\n<\/p>\n<p><span class=\"wpcf7-form-control-wrap\" data-name=\"text-departure\"><input size=\"40\" maxlength=\"400\" class=\"wpcf7-form-control wpcf7-text datepicker\" aria-invalid=\"false\" value=\"\" type=\"text\" name=\"text-departure\" \/><\/span>\n<\/p>\n<p>Odraslih\n<\/p>\n<p><span class=\"wpcf7-form-control-wrap\" data-name=\"adults\"><input size=\"40\" maxlength=\"400\" class=\"wpcf7-form-control wpcf7-text\" aria-invalid=\"false\" value=\"\" type=\"text\" name=\"adults\" \/><\/span>\n<\/p>\n<p>Djece\n<\/p>\n<p><span class=\"wpcf7-form-control-wrap\" data-name=\"children\"><input size=\"40\" maxlength=\"400\" class=\"wpcf7-form-control wpcf7-text\" aria-invalid=\"false\" value=\"\" type=\"text\" name=\"children\" \/><\/span>\n<\/p>\n<p>Odaberite apartman<br \/>\n<span class=\"wpcf7-form-control-wrap\" data-name=\"checkbox-713\"><span class=\"wpcf7-form-control wpcf7-checkbox\"><span class=\"wpcf7-list-item first\"><label><input type=\"checkbox\" name=\"checkbox-713[]\" value=\"Apartman 1 - 4+2 osoba\" \/><span class=\"wpcf7-list-item-label\">Apartman 1 - 4+2 osoba<\/span><\/label><\/span><span class=\"wpcf7-list-item\"><label><input type=\"checkbox\" name=\"checkbox-713[]\" value=\"Apartman 2 - 4+2 osoba\" \/><span class=\"wpcf7-list-item-label\">Apartman 2 - 4+2 osoba<\/span><\/label><\/span><span class=\"wpcf7-list-item\"><label><input type=\"checkbox\" name=\"checkbox-713[]\" value=\"Apartman 3 - 2+2 osoba\" \/><span class=\"wpcf7-list-item-label\">Apartman 3 - 2+2 osoba<\/span><\/label><\/span><span class=\"wpcf7-list-item last\"><label><input type=\"checkbox\" name=\"checkbox-713[]\" value=\"Apartman 4 - 6+2 osoba\" \/><span class=\"wpcf7-list-item-label\">Apartman 4 - 6+2 osoba<\/span><\/label><\/span><\/span><\/span>\n<\/p>\n<p>Pitanja\n<\/p>\n<p><span class=\"wpcf7-form-control-wrap\" data-name=\"your-message\"><textarea cols=\"40\" rows=\"10\" maxlength=\"2000\" class=\"wpcf7-form-control wpcf7-textarea\" aria-invalid=\"false\" name=\"your-message\"><\/textarea><\/span>\n<\/p>\n<p><input class=\"wpcf7-form-control wpcf7-submit has-spinner\" type=\"submit\" value=\"Po\u0161alji\" \/>\n<\/p><p style=\"display: none !important;\" class=\"akismet-fields-container\" data-prefix=\"_wpcf7_ak_\"><label>&#916;<textarea name=\"_wpcf7_ak_hp_textarea\" cols=\"45\" rows=\"8\" maxlength=\"100\"><\/textarea><\/label><input type=\"hidden\" id=\"ak_js_1\" name=\"_wpcf7_ak_js\" value=\"236\"\/><script>document.getElementById( \"ak_js_1\" ).setAttribute( \"value\", ( new Date() ).getTime() );<\/script><\/p><div class=\"wpcf7-response-output\" aria-hidden=\"true\"><\/div>\n<\/form>\n<\/div>\n<\/div><\/div>\n<p>&nbsp;<\/p>\n<p>&nbsp;<\/p>\n<p>&nbsp;<\/p>\n","protected":false},"excerpt":{"rendered":"<p>Rezervirajte apartman ili po\u0161aljite upit za raspolo\u017eivost Silvana &amp; Perica Zuvela, Nova Tel. Vela Luka: +385 20 812 946 Tel. Nova: +385 20 813 132 Mob: +385 91 567 21 37 Molimo popunite donji formular za rezervaciju ili upit o raspolo\u017eivosti. &nbsp; &nbsp; &nbsp;<\/p>\n","protected":false},"author":4,"featured_media":0,"parent":975,"menu_order":0,"comment_status":"closed","ping_status":"closed","template":"page-PageTemplate2.php","meta":{"footnotes":""},"class_list":["post-1064","page","type-page","status-publish","hentry"],"yoast_head":"<!-- This site is optimized with the Yoast SEO plugin v26.2 - https:\/\/yoast.com\/wordpress\/plugins\/seo\/ -->\n<title>Kontakt i raspolo\u017eivost Villa Silva<\/title>\n<meta name=\"robots\" content=\"index, follow, max-snippet:-1, max-image-preview:large, max-video-preview:-1\" \/>\n<link rel=\"canonical\" href=\"https:\/\/www.villasilvakorcula.com\/hr\/apartmani-vela-luka\/kontakt\/\" \/>\n<meta property=\"og:locale\" content=\"hr_HR\" \/>\n<meta property=\"og:type\" content=\"article\" \/>\n<meta property=\"og:title\" content=\"Kontakt i raspolo\u017eivost Villa Silva\" \/>\n<meta property=\"og:description\" content=\"Rezervirajte apartman ili po\u0161aljite upit za raspolo\u017eivost Silvana &amp; Perica Zuvela, Nova Tel. Vela Luka: +385 20 812 946 Tel. Nova: +385 20 813 132 Mob: +385 91 567 21 37 Molimo popunite donji formular za rezervaciju ili upit o raspolo\u017eivosti. &nbsp; &nbsp; &nbsp;\" \/>\n<meta property=\"og:url\" content=\"https:\/\/www.villasilvakorcula.com\/hr\/apartmani-vela-luka\/kontakt\/\" \/>\n<meta property=\"og:site_name\" content=\"Villa Silva\" \/>\n<meta property=\"article:modified_time\" content=\"2020-09-25T07:27:00+00:00\" \/>\n<script type=\"application\/ld+json\" class=\"yoast-schema-graph\">{\"@context\":\"https:\/\/schema.org\",\"@graph\":[{\"@type\":\"WebPage\",\"@id\":\"https:\/\/www.villasilvakorcula.com\/hr\/apartmani-vela-luka\/kontakt\/\",\"url\":\"https:\/\/www.villasilvakorcula.com\/hr\/apartmani-vela-luka\/kontakt\/\",\"name\":\"Kontakt i raspolo\u017eivost Villa Silva\",\"isPartOf\":{\"@id\":\"https:\/\/www.villasilvakorcula.com\/#website\"},\"datePublished\":\"2013-11-10T00:27:39+00:00\",\"dateModified\":\"2020-09-25T07:27:00+00:00\",\"breadcrumb\":{\"@id\":\"https:\/\/www.villasilvakorcula.com\/hr\/apartmani-vela-luka\/kontakt\/#breadcrumb\"},\"inLanguage\":\"hr\",\"potentialAction\":[{\"@type\":\"ReadAction\",\"target\":[\"https:\/\/www.villasilvakorcula.com\/hr\/apartmani-vela-luka\/kontakt\/\"]}]},{\"@type\":\"BreadcrumbList\",\"@id\":\"https:\/\/www.villasilvakorcula.com\/hr\/apartmani-vela-luka\/kontakt\/#breadcrumb\",\"itemListElement\":[{\"@type\":\"ListItem\",\"position\":1,\"name\":\"Home\",\"item\":\"https:\/\/www.villasilvakorcula.com\/\"},{\"@type\":\"ListItem\",\"position\":2,\"name\":\"Apartmani Vela Luka\",\"item\":\"https:\/\/www.villasilvakorcula.com\/hr\/apartmani-vela-luka\/\"},{\"@type\":\"ListItem\",\"position\":3,\"name\":\"Kontakt i raspolo\u017eivost\"}]},{\"@type\":\"WebSite\",\"@id\":\"https:\/\/www.villasilvakorcula.com\/#website\",\"url\":\"https:\/\/www.villasilvakorcula.com\/\",\"name\":\"Villa Silva\",\"description\":\"\",\"potentialAction\":[{\"@type\":\"SearchAction\",\"target\":{\"@type\":\"EntryPoint\",\"urlTemplate\":\"https:\/\/www.villasilvakorcula.com\/?s={search_term_string}\"},\"query-input\":{\"@type\":\"PropertyValueSpecification\",\"valueRequired\":true,\"valueName\":\"search_term_string\"}}],\"inLanguage\":\"hr\"}]}<\/script>\n<!-- \/ Yoast SEO plugin. -->","yoast_head_json":{"title":"Kontakt i raspolo\u017eivost Villa Silva","robots":{"index":"index","follow":"follow","max-snippet":"max-snippet:-1","max-image-preview":"max-image-preview:large","max-video-preview":"max-video-preview:-1"},"canonical":"https:\/\/www.villasilvakorcula.com\/hr\/apartmani-vela-luka\/kontakt\/","og_locale":"hr_HR","og_type":"article","og_title":"Kontakt i raspolo\u017eivost Villa Silva","og_description":"Rezervirajte apartman ili po\u0161aljite upit za raspolo\u017eivost Silvana &amp; Perica Zuvela, Nova Tel. Vela Luka: +385 20 812 946 Tel. Nova: +385 20 813 132 Mob: +385 91 567 21 37 Molimo popunite donji formular za rezervaciju ili upit o raspolo\u017eivosti. &nbsp; &nbsp; &nbsp;","og_url":"https:\/\/www.villasilvakorcula.com\/hr\/apartmani-vela-luka\/kontakt\/","og_site_name":"Villa Silva","article_modified_time":"2020-09-25T07:27:00+00:00","schema":{"@context":"https:\/\/schema.org","@graph":[{"@type":"WebPage","@id":"https:\/\/www.villasilvakorcula.com\/hr\/apartmani-vela-luka\/kontakt\/","url":"https:\/\/www.villasilvakorcula.com\/hr\/apartmani-vela-luka\/kontakt\/","name":"Kontakt i raspolo\u017eivost Villa Silva","isPartOf":{"@id":"https:\/\/www.villasilvakorcula.com\/#website"},"datePublished":"2013-11-10T00:27:39+00:00","dateModified":"2020-09-25T07:27:00+00:00","breadcrumb":{"@id":"https:\/\/www.villasilvakorcula.com\/hr\/apartmani-vela-luka\/kontakt\/#breadcrumb"},"inLanguage":"hr","potentialAction":[{"@type":"ReadAction","target":["https:\/\/www.villasilvakorcula.com\/hr\/apartmani-vela-luka\/kontakt\/"]}]},{"@type":"BreadcrumbList","@id":"https:\/\/www.villasilvakorcula.com\/hr\/apartmani-vela-luka\/kontakt\/#breadcrumb","itemListElement":[{"@type":"ListItem","position":1,"name":"Home","item":"https:\/\/www.villasilvakorcula.com\/"},{"@type":"ListItem","position":2,"name":"Apartmani Vela Luka","item":"https:\/\/www.villasilvakorcula.com\/hr\/apartmani-vela-luka\/"},{"@type":"ListItem","position":3,"name":"Kontakt i raspolo\u017eivost"}]},{"@type":"WebSite","@id":"https:\/\/www.villasilvakorcula.com\/#website","url":"https:\/\/www.villasilvakorcula.com\/","name":"Villa Silva","description":"","potentialAction":[{"@type":"SearchAction","target":{"@type":"EntryPoint","urlTemplate":"https:\/\/www.villasilvakorcula.com\/?s={search_term_string}"},"query-input":{"@type":"PropertyValueSpecification","valueRequired":true,"valueName":"search_term_string"}}],"inLanguage":"hr"}]}},"jetpack_sharing_enabled":true,"_links":{"self":[{"href":"https:\/\/www.villasilvakorcula.com\/hr\/wp-json\/wp\/v2\/pages\/1064","targetHints":{"allow":["GET"]}}],"collection":[{"href":"https:\/\/www.villasilvakorcula.com\/hr\/wp-json\/wp\/v2\/pages"}],"about":[{"href":"https:\/\/www.villasilvakorcula.com\/hr\/wp-json\/wp\/v2\/types\/page"}],"author":[{"embeddable":true,"href":"https:\/\/www.villasilvakorcula.com\/hr\/wp-json\/wp\/v2\/users\/4"}],"replies":[{"embeddable":true,"href":"https:\/\/www.villasilvakorcula.com\/hr\/wp-json\/wp\/v2\/comments?post=1064"}],"version-history":[{"count":0,"href":"https:\/\/www.villasilvakorcula.com\/hr\/wp-json\/wp\/v2\/pages\/1064\/revisions"}],"up":[{"embeddable":true,"href":"https:\/\/www.villasilvakorcula.com\/hr\/wp-json\/wp\/v2\/pages\/975"}],"wp:attachment":[{"href":"https:\/\/www.villasilvakorcula.com\/hr\/wp-json\/wp\/v2\/media?parent=1064"}],"curies":[{"name":"wp","href":"https:\/\/api.w.org\/{rel}","templated":true}]}}