{"id":1046,"date":"2013-11-09T22:49:14","date_gmt":"2013-11-09T22:49:14","guid":{"rendered":"http:\/\/villasilvakorcula.com\/?page_id=1046"},"modified":"2020-09-25T09:27:01","modified_gmt":"2020-09-25T07:27:01","slug":"vela-luka-karta","status":"publish","type":"page","link":"https:\/\/www.villasilvakorcula.com\/hr\/apartmani-vela-luka\/vela-luka-karta\/","title":{"rendered":"Vela Luka Karta"},"content":{"rendered":"<h2>Vela Luka karta i kako do\u0107i do Vile Silve<\/h2>\n<div class=\"custom-frame-wrapper alignleft frame-shadow\"><div class=\"custom-frame-inner-wrapper\"><div class=\"custom-frame-padding\"><img loading=\"lazy\" decoding=\"async\" class=\"alignnone wp-image-2723 size-medium\" src=\"https:\/\/www.villasilvakorcula.com\/wp-content\/uploads\/2017\/08\/villa-sillva-apartments-vela-luka-nova-drone-05-300x200.jpg\" alt=\"\" width=\"300\" height=\"200\" srcset=\"https:\/\/www.villasilvakorcula.com\/wp-content\/uploads\/2017\/08\/villa-sillva-apartments-vela-luka-nova-drone-05-300x200.jpg 300w, https:\/\/www.villasilvakorcula.com\/wp-content\/uploads\/2017\/08\/villa-sillva-apartments-vela-luka-nova-drone-05-768x512.jpg 768w, https:\/\/www.villasilvakorcula.com\/wp-content\/uploads\/2017\/08\/villa-sillva-apartments-vela-luka-nova-drone-05-600x400.jpg 600w, https:\/\/www.villasilvakorcula.com\/wp-content\/uploads\/2017\/08\/villa-sillva-apartments-vela-luka-nova-drone-05.jpg 900w\" sizes=\"auto, (max-width: 300px) 100vw, 300px\" \/><\/div><\/div><\/div>Ku\u0107a se nalazi u mirnom mjesta\u0161cu Nova, 8 km od Vele Luke, 10 km od Blata, 46 km od grada Kor\u010dule. Sa svim mjestima dobro je cestovno povezana. Vila je smje\u0161tena samo nekoliko metara od ure\u0111ene pla\u017ee koja gleda na otvoreno more i na par oto\u010di\u0107a, koji kriju privla\u010dne pla\u017ee od oblutaka i prekrasno podmorje.<\/p>\n\n<ul class=\"list-4\">\n<li>Najbli\u017ei restorani, pizzerije, kafi\u0107i, klubovi i trgovine su u Veloj Luci i Blatu.<\/li>\n<li>Vrlo popularan agroturizam restoran nalazi se 2 km od ku\u0107e.<\/li>\n<\/ul>\n\n<div class=\"divider\"><\/div>\n<div class=\"info \"><div class=\"msg-box-icon\">\n<p>Trajektne linije za dolazak na otok Kor\u010dulu<\/p>\n\n<ul class=\"list-8\">\n<li>Split &#8211; Vela Luka<\/li>\n<li>Orebi\u0107 (poluotok Pelje\u0161ac) &#8211; Domin\u010de (Kor\u010dula)<\/li>\n<\/ul>\n\n<p>Pogledajte stranice <a href=\"http:\/\/www.jadrolinija.hr\" target=\"_blank\" rel=\"noopener noreferrer\">Jadrolinije<\/a> za plovidbeni red.<br \/>\n<\/div><\/div>\n<p><strong>Vela Luka karta okolice mjesta Nova s to\u010dnom lokacijom Vile Silve s to\u010dnom pozicijom ku\u0107e i uputama za dolazak.<\/strong><\/p>\n\n","protected":false},"excerpt":{"rendered":"<p>Vela Luka karta i kako do\u0107i do Vile Silve Ku\u0107a se nalazi u mirnom mjesta\u0161cu Nova, 8 km od Vele Luke, 10 km od Blata, 46 km od grada Kor\u010dule. Sa svim mjestima dobro je cestovno povezana. Vila je smje\u0161tena samo nekoliko metara od ure\u0111ene pla\u017ee koja<\/p>\n","protected":false},"author":4,"featured_media":0,"parent":975,"menu_order":0,"comment_status":"closed","ping_status":"closed","template":"page-FullWidth.php","meta":{"footnotes":""},"class_list":["post-1046","page","type-page","status-publish","hentry"],"yoast_head":"<!-- This site is optimized with the Yoast SEO plugin v26.2 - https:\/\/yoast.com\/wordpress\/plugins\/seo\/ -->\n<title>Vela Luka Karta Vila Silva Lokacija - Nova otok Kor\u010dula<\/title>\n<meta name=\"description\" content=\"Vela Luka karta i lokacija vile Silve u uvali Nova otok Kor\u010dula Upute kako do\u0107i do ku\u0107e.\" \/>\n<meta name=\"robots\" content=\"index, follow, max-snippet:-1, max-image-preview:large, max-video-preview:-1\" \/>\n<link rel=\"canonical\" href=\"https:\/\/www.villasilvakorcula.com\/hr\/apartmani-vela-luka\/vela-luka-karta\/\" \/>\n<meta property=\"og:locale\" content=\"hr_HR\" \/>\n<meta property=\"og:type\" content=\"article\" \/>\n<meta property=\"og:title\" content=\"Vela Luka Karta Vila Silva Lokacija - Nova otok Kor\u010dula\" \/>\n<meta property=\"og:description\" content=\"Vela Luka karta i lokacija vile Silve u uvali Nova otok Kor\u010dula Upute kako do\u0107i do ku\u0107e.\" \/>\n<meta property=\"og:url\" content=\"https:\/\/www.villasilvakorcula.com\/hr\/apartmani-vela-luka\/vela-luka-karta\/\" \/>\n<meta property=\"og:site_name\" content=\"Villa Silva\" \/>\n<meta property=\"article:modified_time\" content=\"2020-09-25T07:27:01+00:00\" \/>\n<meta property=\"og:image\" content=\"https:\/\/www.villasilvakorcula.com\/wp-content\/uploads\/2017\/08\/villa-sillva-apartments-vela-luka-nova-drone-05-300x200.jpg\" \/>\n<meta name=\"twitter:label1\" content=\"Procijenjeno vrijeme \u010ditanja\" \/>\n\t<meta name=\"twitter:data1\" content=\"1 minuta\" \/>\n<script type=\"application\/ld+json\" class=\"yoast-schema-graph\">{\"@context\":\"https:\/\/schema.org\",\"@graph\":[{\"@type\":\"WebPage\",\"@id\":\"https:\/\/www.villasilvakorcula.com\/hr\/apartmani-vela-luka\/vela-luka-karta\/\",\"url\":\"https:\/\/www.villasilvakorcula.com\/hr\/apartmani-vela-luka\/vela-luka-karta\/\",\"name\":\"Vela Luka Karta Vila Silva Lokacija - Nova otok Kor\u010dula\",\"isPartOf\":{\"@id\":\"https:\/\/www.villasilvakorcula.com\/#website\"},\"primaryImageOfPage\":{\"@id\":\"https:\/\/www.villasilvakorcula.com\/hr\/apartmani-vela-luka\/vela-luka-karta\/#primaryimage\"},\"image\":{\"@id\":\"https:\/\/www.villasilvakorcula.com\/hr\/apartmani-vela-luka\/vela-luka-karta\/#primaryimage\"},\"thumbnailUrl\":\"https:\/\/www.villasilvakorcula.com\/wp-content\/uploads\/2017\/08\/villa-sillva-apartments-vela-luka-nova-drone-05-300x200.jpg\",\"datePublished\":\"2013-11-09T22:49:14+00:00\",\"dateModified\":\"2020-09-25T07:27:01+00:00\",\"description\":\"Vela Luka karta i lokacija vile Silve u uvali Nova otok Kor\u010dula Upute kako do\u0107i do ku\u0107e.\",\"breadcrumb\":{\"@id\":\"https:\/\/www.villasilvakorcula.com\/hr\/apartmani-vela-luka\/vela-luka-karta\/#breadcrumb\"},\"inLanguage\":\"hr\",\"potentialAction\":[{\"@type\":\"ReadAction\",\"target\":[\"https:\/\/www.villasilvakorcula.com\/hr\/apartmani-vela-luka\/vela-luka-karta\/\"]}]},{\"@type\":\"ImageObject\",\"inLanguage\":\"hr\",\"@id\":\"https:\/\/www.villasilvakorcula.com\/hr\/apartmani-vela-luka\/vela-luka-karta\/#primaryimage\",\"url\":\"https:\/\/www.villasilvakorcula.com\/wp-content\/uploads\/2017\/08\/villa-sillva-apartments-vela-luka-nova-drone-05-300x200.jpg\",\"contentUrl\":\"https:\/\/www.villasilvakorcula.com\/wp-content\/uploads\/2017\/08\/villa-sillva-apartments-vela-luka-nova-drone-05-300x200.jpg\"},{\"@type\":\"BreadcrumbList\",\"@id\":\"https:\/\/www.villasilvakorcula.com\/hr\/apartmani-vela-luka\/vela-luka-karta\/#breadcrumb\",\"itemListElement\":[{\"@type\":\"ListItem\",\"position\":1,\"name\":\"Home\",\"item\":\"https:\/\/www.villasilvakorcula.com\/\"},{\"@type\":\"ListItem\",\"position\":2,\"name\":\"Apartmani Vela Luka\",\"item\":\"https:\/\/www.villasilvakorcula.com\/hr\/apartmani-vela-luka\/\"},{\"@type\":\"ListItem\",\"position\":3,\"name\":\"Vela Luka Karta\"}]},{\"@type\":\"WebSite\",\"@id\":\"https:\/\/www.villasilvakorcula.com\/#website\",\"url\":\"https:\/\/www.villasilvakorcula.com\/\",\"name\":\"Villa Silva\",\"description\":\"\",\"potentialAction\":[{\"@type\":\"SearchAction\",\"target\":{\"@type\":\"EntryPoint\",\"urlTemplate\":\"https:\/\/www.villasilvakorcula.com\/?s={search_term_string}\"},\"query-input\":{\"@type\":\"PropertyValueSpecification\",\"valueRequired\":true,\"valueName\":\"search_term_string\"}}],\"inLanguage\":\"hr\"}]}<\/script>\n<!-- \/ Yoast SEO plugin. -->","yoast_head_json":{"title":"Vela Luka Karta Vila Silva Lokacija - Nova otok Kor\u010dula","description":"Vela Luka karta i lokacija vile Silve u uvali Nova otok Kor\u010dula Upute kako do\u0107i do ku\u0107e.","robots":{"index":"index","follow":"follow","max-snippet":"max-snippet:-1","max-image-preview":"max-image-preview:large","max-video-preview":"max-video-preview:-1"},"canonical":"https:\/\/www.villasilvakorcula.com\/hr\/apartmani-vela-luka\/vela-luka-karta\/","og_locale":"hr_HR","og_type":"article","og_title":"Vela Luka Karta Vila Silva Lokacija - Nova otok Kor\u010dula","og_description":"Vela Luka karta i lokacija vile Silve u uvali Nova otok Kor\u010dula Upute kako do\u0107i do ku\u0107e.","og_url":"https:\/\/www.villasilvakorcula.com\/hr\/apartmani-vela-luka\/vela-luka-karta\/","og_site_name":"Villa Silva","article_modified_time":"2020-09-25T07:27:01+00:00","og_image":[{"url":"https:\/\/www.villasilvakorcula.com\/wp-content\/uploads\/2017\/08\/villa-sillva-apartments-vela-luka-nova-drone-05-300x200.jpg","type":"","width":"","height":""}],"twitter_misc":{"Procijenjeno vrijeme \u010ditanja":"1 minuta"},"schema":{"@context":"https:\/\/schema.org","@graph":[{"@type":"WebPage","@id":"https:\/\/www.villasilvakorcula.com\/hr\/apartmani-vela-luka\/vela-luka-karta\/","url":"https:\/\/www.villasilvakorcula.com\/hr\/apartmani-vela-luka\/vela-luka-karta\/","name":"Vela Luka Karta Vila Silva Lokacija - Nova otok Kor\u010dula","isPartOf":{"@id":"https:\/\/www.villasilvakorcula.com\/#website"},"primaryImageOfPage":{"@id":"https:\/\/www.villasilvakorcula.com\/hr\/apartmani-vela-luka\/vela-luka-karta\/#primaryimage"},"image":{"@id":"https:\/\/www.villasilvakorcula.com\/hr\/apartmani-vela-luka\/vela-luka-karta\/#primaryimage"},"thumbnailUrl":"https:\/\/www.villasilvakorcula.com\/wp-content\/uploads\/2017\/08\/villa-sillva-apartments-vela-luka-nova-drone-05-300x200.jpg","datePublished":"2013-11-09T22:49:14+00:00","dateModified":"2020-09-25T07:27:01+00:00","description":"Vela Luka karta i lokacija vile Silve u uvali Nova otok Kor\u010dula Upute kako do\u0107i do ku\u0107e.","breadcrumb":{"@id":"https:\/\/www.villasilvakorcula.com\/hr\/apartmani-vela-luka\/vela-luka-karta\/#breadcrumb"},"inLanguage":"hr","potentialAction":[{"@type":"ReadAction","target":["https:\/\/www.villasilvakorcula.com\/hr\/apartmani-vela-luka\/vela-luka-karta\/"]}]},{"@type":"ImageObject","inLanguage":"hr","@id":"https:\/\/www.villasilvakorcula.com\/hr\/apartmani-vela-luka\/vela-luka-karta\/#primaryimage","url":"https:\/\/www.villasilvakorcula.com\/wp-content\/uploads\/2017\/08\/villa-sillva-apartments-vela-luka-nova-drone-05-300x200.jpg","contentUrl":"https:\/\/www.villasilvakorcula.com\/wp-content\/uploads\/2017\/08\/villa-sillva-apartments-vela-luka-nova-drone-05-300x200.jpg"},{"@type":"BreadcrumbList","@id":"https:\/\/www.villasilvakorcula.com\/hr\/apartmani-vela-luka\/vela-luka-karta\/#breadcrumb","itemListElement":[{"@type":"ListItem","position":1,"name":"Home","item":"https:\/\/www.villasilvakorcula.com\/"},{"@type":"ListItem","position":2,"name":"Apartmani Vela Luka","item":"https:\/\/www.villasilvakorcula.com\/hr\/apartmani-vela-luka\/"},{"@type":"ListItem","position":3,"name":"Vela Luka Karta"}]},{"@type":"WebSite","@id":"https:\/\/www.villasilvakorcula.com\/#website","url":"https:\/\/www.villasilvakorcula.com\/","name":"Villa Silva","description":"","potentialAction":[{"@type":"SearchAction","target":{"@type":"EntryPoint","urlTemplate":"https:\/\/www.villasilvakorcula.com\/?s={search_term_string}"},"query-input":{"@type":"PropertyValueSpecification","valueRequired":true,"valueName":"search_term_string"}}],"inLanguage":"hr"}]}},"jetpack_sharing_enabled":true,"_links":{"self":[{"href":"https:\/\/www.villasilvakorcula.com\/hr\/wp-json\/wp\/v2\/pages\/1046","targetHints":{"allow":["GET"]}}],"collection":[{"href":"https:\/\/www.villasilvakorcula.com\/hr\/wp-json\/wp\/v2\/pages"}],"about":[{"href":"https:\/\/www.villasilvakorcula.com\/hr\/wp-json\/wp\/v2\/types\/page"}],"author":[{"embeddable":true,"href":"https:\/\/www.villasilvakorcula.com\/hr\/wp-json\/wp\/v2\/users\/4"}],"replies":[{"embeddable":true,"href":"https:\/\/www.villasilvakorcula.com\/hr\/wp-json\/wp\/v2\/comments?post=1046"}],"version-history":[{"count":0,"href":"https:\/\/www.villasilvakorcula.com\/hr\/wp-json\/wp\/v2\/pages\/1046\/revisions"}],"up":[{"embeddable":true,"href":"https:\/\/www.villasilvakorcula.com\/hr\/wp-json\/wp\/v2\/pages\/975"}],"wp:attachment":[{"href":"https:\/\/www.villasilvakorcula.com\/hr\/wp-json\/wp\/v2\/media?parent=1046"}],"curies":[{"name":"wp","href":"https:\/\/api.w.org\/{rel}","templated":true}]}}