{"id":2871,"date":"2018-03-18T18:03:41","date_gmt":"2018-03-18T17:03:41","guid":{"rendered":"https:\/\/www.villasilvakorcula.com\/?page_id=2871"},"modified":"2018-03-19T23:14:51","modified_gmt":"2018-03-19T22:14:51","slug":"wohnungen-vela-luka","status":"publish","type":"page","link":"https:\/\/www.villasilvakorcula.com\/de\/wohnungen-vela-luka\/","title":{"rendered":"Wohnungen Vela Luka"},"content":{"rendered":"<h2>Villa Silva &#8211; Wohnungen Vela Luka, Nova<\/h2>\n<div class=\"custom-frame-wrapper alignleft frame-shadow\"><div class=\"custom-frame-inner-wrapper\"><div class=\"custom-frame-padding\"><img loading=\"lazy\" decoding=\"async\" class=\"alignnone wp-image-3090 size-medium\" src=\"https:\/\/www.villasilvakorcula.com\/wp-content\/uploads\/2017\/08\/villa-silva-vela-luka-nova-from-air-01-300x166.jpg\" alt=\"Villa Silva Vela Luka Apartments Nova\" width=\"300\" height=\"166\" srcset=\"https:\/\/www.villasilvakorcula.com\/wp-content\/uploads\/2017\/08\/villa-silva-vela-luka-nova-from-air-01-300x166.jpg 300w, https:\/\/www.villasilvakorcula.com\/wp-content\/uploads\/2017\/08\/villa-silva-vela-luka-nova-from-air-01-768x425.jpg 768w, https:\/\/www.villasilvakorcula.com\/wp-content\/uploads\/2017\/08\/villa-silva-vela-luka-nova-from-air-01-600x332.jpg 600w, https:\/\/www.villasilvakorcula.com\/wp-content\/uploads\/2017\/08\/villa-silva-vela-luka-nova-from-air-01.jpg 928w\" sizes=\"auto, (max-width: 300px) 100vw, 300px\" \/><\/div><\/div><\/div> Willkommen auf der Website, wo die Ferienwohnungen Villa Silva pr\u00e4sentiert werden, Ferienwohnungen Vela Luka im Dorf Nova. Die Villa befindet sich in einer perfekten Lage 15 Meter vom Meer entfernt, umgeben von einem typisch mediterranen Ambiente. Das azurblaues Meer, das den Strand von Kieseln w\u00e4scht, die hypnotischen Kl\u00e4ngen der Grillen und der Schatten unter den Kiefern formieren ein ideales Reiseziel f\u00fcr Ihren Urlaub in Kroatien auf der Insel Kor\u010dula.<\/p>\n<p>Stilvolle und luxuri\u00f6se Ferienwohnungen am Meer sind von einem gro\u00dfen Garten umgeben, der im urspr\u00fcnglichen dalmatinisch-mediterranen Stil eingerichtet ist. Diese Villa bietet Ihnen einen idealen Urlaub f\u00fcr die ganze Familie und die Insel Kor\u010dula ist zudem eine der romantischsten kroatischen Inseln mit vielen verborgenen Sch\u00e4tzen.<\/p>\n<div class=\"simple \" style=\"background-color:#F5F5F5; color:#333333;\"><div class=\"inner-padding\">Die Unterkunft in der Villa Silva besteht aus einer 4-Sterne-Ferienwohnung und aus drei 3-Sterne-Ferienwohnungen. Alle Wohnungen verf\u00fcgen \u00fcber einen \u00fcberdachten Balkon mit wundersch\u00f6nen Meerblick, ein ger\u00e4umiges Wohn- und Schlafzimmer, eine voll ausgestattete K\u00fcche und einen Parkplatz.<\/div><\/div>\n<p>Andere Ausr\u00fcstung der Ferienwohnung<\/p>\n\n<ul class=\"list-1\">\n<li>Klimaanlagen<\/li>\n<li>SAT TV<\/li>\n<li>WI-FI Internet<\/li>\n<li>Geschirrsp\u00fcler<\/li>\n<li>Waschmaschine<\/li>\n<\/ul>\n\n<div class=\"info \"><div class=\"msg-box-icon\">\n<div style=\"padding-bottom: 15px;\">\n<div class=\"custom-frame-wrapper alignright frame-shadow\"><div class=\"custom-frame-inner-wrapper\"><div class=\"custom-frame-padding\"><img loading=\"lazy\" decoding=\"async\" class=\"alignnone size-medium wp-image-3063\" src=\"https:\/\/www.villasilvakorcula.com\/wp-content\/uploads\/2016\/11\/house-23-300x199.jpg\" alt=\"Accommodation Korcula Villa Silva Vela Luka Beach\" width=\"300\" height=\"199\" srcset=\"https:\/\/www.villasilvakorcula.com\/wp-content\/uploads\/2016\/11\/house-23-300x199.jpg 300w, https:\/\/www.villasilvakorcula.com\/wp-content\/uploads\/2016\/11\/house-23-768x509.jpg 768w, https:\/\/www.villasilvakorcula.com\/wp-content\/uploads\/2016\/11\/house-23-600x397.jpg 600w, https:\/\/www.villasilvakorcula.com\/wp-content\/uploads\/2016\/11\/house-23.jpg 900w\" sizes=\"auto, (max-width: 300px) 100vw, 300px\" \/><\/div><\/div><\/div>\n<p>Allen G\u00e4sten der Villa Silva steht ein gepflegter Strand zur Verf\u00fcgung, der in 15 m vom Haus entfernt ist. Nur 50 Meter vom Haus befindet sich ein sch\u00f6ner Strand, der ideal f\u00fcr Kinder ist. Es gibt auch viele Kiesstr\u00e4nde auf den nahe gelegenen Inseln. All dies und vieles mehr, was sich um und unter dem Meer befindet, macht von diesem Ort eine unvergessliche Oase, weit entfernt von den lauten Stra\u00dfen der Stadt.<\/p>\n<\/div>\n<\/div><\/div>\n","protected":false},"excerpt":{"rendered":"<p>Villa Silva &#8211; Wohnungen Vela Luka, Nova Willkommen auf der Website, wo die Ferienwohnungen Villa Silva pr\u00e4sentiert werden, Ferienwohnungen Vela Luka im Dorf Nova. Die Villa befindet sich in einer perfekten Lage 15 Meter vom Meer entfernt, umgeben von einem typisch mediterranen Ambiente. Das azurblaues Meer, das<\/p>\n","protected":false},"author":4,"featured_media":0,"parent":0,"menu_order":0,"comment_status":"closed","ping_status":"closed","template":"page-PageTemplate2.php","meta":{"footnotes":""},"class_list":["post-2871","page","type-page","status-publish","hentry"],"yoast_head":"<!-- This site is optimized with the Yoast SEO plugin v26.2 - https:\/\/yoast.com\/wordpress\/plugins\/seo\/ -->\n<title>Wohnungen Vela Luka Villa Silva<\/title>\n<meta name=\"robots\" content=\"index, follow, max-snippet:-1, max-image-preview:large, max-video-preview:-1\" \/>\n<link rel=\"canonical\" href=\"https:\/\/www.villasilvakorcula.com\/de\/wohnungen-vela-luka\/\" \/>\n<meta property=\"og:locale\" content=\"de_DE\" \/>\n<meta property=\"og:type\" content=\"article\" \/>\n<meta property=\"og:title\" content=\"Wohnungen Vela Luka Villa Silva\" \/>\n<meta property=\"og:description\" content=\"Villa Silva &#8211; Wohnungen Vela Luka, Nova Willkommen auf der Website, wo die Ferienwohnungen Villa Silva pr\u00e4sentiert werden, Ferienwohnungen Vela Luka im Dorf Nova. Die Villa befindet sich in einer perfekten Lage 15 Meter vom Meer entfernt, umgeben von einem typisch mediterranen Ambiente. Das azurblaues Meer, das\" \/>\n<meta property=\"og:url\" content=\"https:\/\/www.villasilvakorcula.com\/de\/wohnungen-vela-luka\/\" \/>\n<meta property=\"og:site_name\" content=\"Villa Silva\" \/>\n<meta property=\"article:modified_time\" content=\"2018-03-19T22:14:51+00:00\" \/>\n<meta property=\"og:image\" content=\"https:\/\/www.villasilvakorcula.com\/wp-content\/uploads\/2017\/08\/villa-silva-vela-luka-nova-from-air-01-300x166.jpg\" \/>\n<meta name=\"twitter:label1\" content=\"Gesch\u00e4tzte Lesezeit\" \/>\n\t<meta name=\"twitter:data1\" content=\"1\u00a0Minute\" \/>\n<script type=\"application\/ld+json\" class=\"yoast-schema-graph\">{\"@context\":\"https:\/\/schema.org\",\"@graph\":[{\"@type\":\"WebPage\",\"@id\":\"https:\/\/www.villasilvakorcula.com\/de\/wohnungen-vela-luka\/\",\"url\":\"https:\/\/www.villasilvakorcula.com\/de\/wohnungen-vela-luka\/\",\"name\":\"Wohnungen Vela Luka Villa Silva\",\"isPartOf\":{\"@id\":\"https:\/\/www.villasilvakorcula.com\/#website\"},\"primaryImageOfPage\":{\"@id\":\"https:\/\/www.villasilvakorcula.com\/de\/wohnungen-vela-luka\/#primaryimage\"},\"image\":{\"@id\":\"https:\/\/www.villasilvakorcula.com\/de\/wohnungen-vela-luka\/#primaryimage\"},\"thumbnailUrl\":\"https:\/\/www.villasilvakorcula.com\/wp-content\/uploads\/2017\/08\/villa-silva-vela-luka-nova-from-air-01-300x166.jpg\",\"datePublished\":\"2018-03-18T17:03:41+00:00\",\"dateModified\":\"2018-03-19T22:14:51+00:00\",\"breadcrumb\":{\"@id\":\"https:\/\/www.villasilvakorcula.com\/de\/wohnungen-vela-luka\/#breadcrumb\"},\"inLanguage\":\"de\",\"potentialAction\":[{\"@type\":\"ReadAction\",\"target\":[\"https:\/\/www.villasilvakorcula.com\/de\/wohnungen-vela-luka\/\"]}]},{\"@type\":\"ImageObject\",\"inLanguage\":\"de\",\"@id\":\"https:\/\/www.villasilvakorcula.com\/de\/wohnungen-vela-luka\/#primaryimage\",\"url\":\"https:\/\/www.villasilvakorcula.com\/wp-content\/uploads\/2017\/08\/villa-silva-vela-luka-nova-from-air-01-300x166.jpg\",\"contentUrl\":\"https:\/\/www.villasilvakorcula.com\/wp-content\/uploads\/2017\/08\/villa-silva-vela-luka-nova-from-air-01-300x166.jpg\"},{\"@type\":\"BreadcrumbList\",\"@id\":\"https:\/\/www.villasilvakorcula.com\/de\/wohnungen-vela-luka\/#breadcrumb\",\"itemListElement\":[{\"@type\":\"ListItem\",\"position\":1,\"name\":\"Home\",\"item\":\"https:\/\/www.villasilvakorcula.com\/\"},{\"@type\":\"ListItem\",\"position\":2,\"name\":\"Wohnungen Vela Luka\"}]},{\"@type\":\"WebSite\",\"@id\":\"https:\/\/www.villasilvakorcula.com\/#website\",\"url\":\"https:\/\/www.villasilvakorcula.com\/\",\"name\":\"Villa Silva\",\"description\":\"\",\"potentialAction\":[{\"@type\":\"SearchAction\",\"target\":{\"@type\":\"EntryPoint\",\"urlTemplate\":\"https:\/\/www.villasilvakorcula.com\/?s={search_term_string}\"},\"query-input\":{\"@type\":\"PropertyValueSpecification\",\"valueRequired\":true,\"valueName\":\"search_term_string\"}}],\"inLanguage\":\"de\"}]}<\/script>\n<!-- \/ Yoast SEO plugin. -->","yoast_head_json":{"title":"Wohnungen Vela Luka Villa Silva","robots":{"index":"index","follow":"follow","max-snippet":"max-snippet:-1","max-image-preview":"max-image-preview:large","max-video-preview":"max-video-preview:-1"},"canonical":"https:\/\/www.villasilvakorcula.com\/de\/wohnungen-vela-luka\/","og_locale":"de_DE","og_type":"article","og_title":"Wohnungen Vela Luka Villa Silva","og_description":"Villa Silva &#8211; Wohnungen Vela Luka, Nova Willkommen auf der Website, wo die Ferienwohnungen Villa Silva pr\u00e4sentiert werden, Ferienwohnungen Vela Luka im Dorf Nova. Die Villa befindet sich in einer perfekten Lage 15 Meter vom Meer entfernt, umgeben von einem typisch mediterranen Ambiente. Das azurblaues Meer, das","og_url":"https:\/\/www.villasilvakorcula.com\/de\/wohnungen-vela-luka\/","og_site_name":"Villa Silva","article_modified_time":"2018-03-19T22:14:51+00:00","og_image":[{"url":"https:\/\/www.villasilvakorcula.com\/wp-content\/uploads\/2017\/08\/villa-silva-vela-luka-nova-from-air-01-300x166.jpg","type":"","width":"","height":""}],"twitter_misc":{"Gesch\u00e4tzte Lesezeit":"1\u00a0Minute"},"schema":{"@context":"https:\/\/schema.org","@graph":[{"@type":"WebPage","@id":"https:\/\/www.villasilvakorcula.com\/de\/wohnungen-vela-luka\/","url":"https:\/\/www.villasilvakorcula.com\/de\/wohnungen-vela-luka\/","name":"Wohnungen Vela Luka Villa Silva","isPartOf":{"@id":"https:\/\/www.villasilvakorcula.com\/#website"},"primaryImageOfPage":{"@id":"https:\/\/www.villasilvakorcula.com\/de\/wohnungen-vela-luka\/#primaryimage"},"image":{"@id":"https:\/\/www.villasilvakorcula.com\/de\/wohnungen-vela-luka\/#primaryimage"},"thumbnailUrl":"https:\/\/www.villasilvakorcula.com\/wp-content\/uploads\/2017\/08\/villa-silva-vela-luka-nova-from-air-01-300x166.jpg","datePublished":"2018-03-18T17:03:41+00:00","dateModified":"2018-03-19T22:14:51+00:00","breadcrumb":{"@id":"https:\/\/www.villasilvakorcula.com\/de\/wohnungen-vela-luka\/#breadcrumb"},"inLanguage":"de","potentialAction":[{"@type":"ReadAction","target":["https:\/\/www.villasilvakorcula.com\/de\/wohnungen-vela-luka\/"]}]},{"@type":"ImageObject","inLanguage":"de","@id":"https:\/\/www.villasilvakorcula.com\/de\/wohnungen-vela-luka\/#primaryimage","url":"https:\/\/www.villasilvakorcula.com\/wp-content\/uploads\/2017\/08\/villa-silva-vela-luka-nova-from-air-01-300x166.jpg","contentUrl":"https:\/\/www.villasilvakorcula.com\/wp-content\/uploads\/2017\/08\/villa-silva-vela-luka-nova-from-air-01-300x166.jpg"},{"@type":"BreadcrumbList","@id":"https:\/\/www.villasilvakorcula.com\/de\/wohnungen-vela-luka\/#breadcrumb","itemListElement":[{"@type":"ListItem","position":1,"name":"Home","item":"https:\/\/www.villasilvakorcula.com\/"},{"@type":"ListItem","position":2,"name":"Wohnungen Vela Luka"}]},{"@type":"WebSite","@id":"https:\/\/www.villasilvakorcula.com\/#website","url":"https:\/\/www.villasilvakorcula.com\/","name":"Villa Silva","description":"","potentialAction":[{"@type":"SearchAction","target":{"@type":"EntryPoint","urlTemplate":"https:\/\/www.villasilvakorcula.com\/?s={search_term_string}"},"query-input":{"@type":"PropertyValueSpecification","valueRequired":true,"valueName":"search_term_string"}}],"inLanguage":"de"}]}},"jetpack_sharing_enabled":true,"_links":{"self":[{"href":"https:\/\/www.villasilvakorcula.com\/de\/wp-json\/wp\/v2\/pages\/2871","targetHints":{"allow":["GET"]}}],"collection":[{"href":"https:\/\/www.villasilvakorcula.com\/de\/wp-json\/wp\/v2\/pages"}],"about":[{"href":"https:\/\/www.villasilvakorcula.com\/de\/wp-json\/wp\/v2\/types\/page"}],"author":[{"embeddable":true,"href":"https:\/\/www.villasilvakorcula.com\/de\/wp-json\/wp\/v2\/users\/4"}],"replies":[{"embeddable":true,"href":"https:\/\/www.villasilvakorcula.com\/de\/wp-json\/wp\/v2\/comments?post=2871"}],"version-history":[{"count":0,"href":"https:\/\/www.villasilvakorcula.com\/de\/wp-json\/wp\/v2\/pages\/2871\/revisions"}],"wp:attachment":[{"href":"https:\/\/www.villasilvakorcula.com\/de\/wp-json\/wp\/v2\/media?parent=2871"}],"curies":[{"name":"wp","href":"https:\/\/api.w.org\/{rel}","templated":true}]}}