{"id":2832,"date":"2018-03-18T16:28:15","date_gmt":"2018-03-18T15:28:15","guid":{"rendered":"https:\/\/www.villasilvakorcula.com\/?page_id=2832"},"modified":"2020-06-07T18:05:15","modified_gmt":"2020-06-07T16:05:15","slug":"vela-luka-karte","status":"publish","type":"page","link":"https:\/\/www.villasilvakorcula.com\/de\/wohnungen-vela-luka\/vela-luka-karte\/","title":{"rendered":"Vela Luka Karte"},"content":{"rendered":"<div class=\"custom-frame-wrapper alignleft frame-shadow\"><div class=\"custom-frame-inner-wrapper\"><div class=\"custom-frame-padding\"><img loading=\"lazy\" decoding=\"async\" class=\"alignnone wp-image-3073 size-medium\" src=\"https:\/\/www.villasilvakorcula.com\/wp-content\/uploads\/2017\/08\/villa-sillva-apartments-vela-luka-nova-drone-05-300x200.jpg\" alt=\"villa-sillva-apartments-vela-luka-nova-drone-05\" width=\"300\" height=\"200\" srcset=\"https:\/\/www.villasilvakorcula.com\/wp-content\/uploads\/2017\/08\/villa-sillva-apartments-vela-luka-nova-drone-05-300x200.jpg 300w, https:\/\/www.villasilvakorcula.com\/wp-content\/uploads\/2017\/08\/villa-sillva-apartments-vela-luka-nova-drone-05-768x512.jpg 768w, https:\/\/www.villasilvakorcula.com\/wp-content\/uploads\/2017\/08\/villa-sillva-apartments-vela-luka-nova-drone-05-600x400.jpg 600w, https:\/\/www.villasilvakorcula.com\/wp-content\/uploads\/2017\/08\/villa-sillva-apartments-vela-luka-nova-drone-05.jpg 900w\" sizes=\"auto, (max-width: 300px) 100vw, 300px\" \/><\/div><\/div><\/div>Das Haus befindet sich im ruhigen Dorf Nova, 8 km von Vela Luka, 10 km von Blato, 46 km von der Stadt Kor\u010dula entfernt. Alle D\u00f6rfer sind gut durch die Stra\u00dfen verbunden. Die Villa liegt nur wenige Meter vom Strand, von den sich ein wundersch\u00f6ner Blick auf das offene Meer und auf ein paar Inseln bietet. Diese Inseln verbergen viele sch\u00f6ne Str\u00e4nde und atemberaubendes Unterwasser. Sie sollen diese Sch\u00e4tze nur entdecken.<\/p>\n\n<ul class=\"list-4\">\n<li>Die n\u00e4chsten Restaurants, Pizzerien, Caf\u00e9s, Clubs und Gesch\u00e4fte befinden sich in Vela Luka und in Blato.<\/li>\n<li>Ein sehr beliebtes Restaurant mit einheimischen Gerichten ist 2 km vom Haus entfernt.<\/li>\n<\/ul>\n\n<div class=\"divider\"><\/div>\n<div class=\"info \"><div class=\"msg-box-icon\">\n<p>F\u00e4hrlinien f\u00fcr die Ankunft auf der Insel Kor\u010dula<\/p>\n\n<ul class=\"list-8\">\n<li>Split &#8211; Vela Luka<\/li>\n<li>Orebic (Halbinsel Peljesac) &#8211; Domince (Korcula)<\/li>\n<\/ul>\n\n<p>Sehen Sie die Seiten von <a href=\"http:\/\/www.jadrolinija.hr\" target=\"_blank\" rel=\"noopener noreferrer\">Jadrolinija<\/a> f\u00fcr die Fahrpl\u00e4ne.<br \/>\n<\/div><\/div>\n<p><strong>Die Karte von Vela Luka, die Umgebung von Nova mit der genauen Lage der Villa Silva mit der korrekten Position des Hauses und mit der Wegbeschreibung f\u00fcr die Ankunft.<\/strong><\/p>\n\n","protected":false},"excerpt":{"rendered":"<p>Das Haus befindet sich im ruhigen Dorf Nova, 8 km von Vela Luka, 10 km von Blato, 46 km von der Stadt Kor\u010dula entfernt. Alle D\u00f6rfer sind gut durch die Stra\u00dfen verbunden. Die Villa liegt nur wenige Meter vom Strand, von den sich ein wundersch\u00f6ner Blick auf<\/p>\n","protected":false},"author":4,"featured_media":0,"parent":2871,"menu_order":0,"comment_status":"closed","ping_status":"closed","template":"page-FullWidth.php","meta":{"footnotes":""},"class_list":["post-2832","page","type-page","status-publish","hentry"],"yoast_head":"<!-- This site is optimized with the Yoast SEO plugin v26.2 - https:\/\/yoast.com\/wordpress\/plugins\/seo\/ -->\n<title>Vela Luka Karte Villa Silva<\/title>\n<meta name=\"robots\" content=\"index, follow, max-snippet:-1, max-image-preview:large, max-video-preview:-1\" \/>\n<link rel=\"canonical\" href=\"https:\/\/www.villasilvakorcula.com\/de\/wohnungen-vela-luka\/vela-luka-karte\/\" \/>\n<meta property=\"og:locale\" content=\"de_DE\" \/>\n<meta property=\"og:type\" content=\"article\" \/>\n<meta property=\"og:title\" content=\"Vela Luka Karte Villa Silva\" \/>\n<meta property=\"og:description\" content=\"Das Haus befindet sich im ruhigen Dorf Nova, 8 km von Vela Luka, 10 km von Blato, 46 km von der Stadt Kor\u010dula entfernt. Alle D\u00f6rfer sind gut durch die Stra\u00dfen verbunden. Die Villa liegt nur wenige Meter vom Strand, von den sich ein wundersch\u00f6ner Blick auf\" \/>\n<meta property=\"og:url\" content=\"https:\/\/www.villasilvakorcula.com\/de\/wohnungen-vela-luka\/vela-luka-karte\/\" \/>\n<meta property=\"og:site_name\" content=\"Villa Silva\" \/>\n<meta property=\"article:modified_time\" content=\"2020-06-07T16:05:15+00:00\" \/>\n<meta property=\"og:image\" content=\"https:\/\/www.villasilvakorcula.com\/wp-content\/uploads\/2017\/08\/villa-sillva-apartments-vela-luka-nova-drone-05-300x200.jpg\" \/>\n<meta name=\"twitter:label1\" content=\"Gesch\u00e4tzte Lesezeit\" \/>\n\t<meta name=\"twitter:data1\" content=\"1\u00a0Minute\" \/>\n<script type=\"application\/ld+json\" class=\"yoast-schema-graph\">{\"@context\":\"https:\/\/schema.org\",\"@graph\":[{\"@type\":\"WebPage\",\"@id\":\"https:\/\/www.villasilvakorcula.com\/de\/wohnungen-vela-luka\/vela-luka-karte\/\",\"url\":\"https:\/\/www.villasilvakorcula.com\/de\/wohnungen-vela-luka\/vela-luka-karte\/\",\"name\":\"Vela Luka Karte Villa Silva\",\"isPartOf\":{\"@id\":\"https:\/\/www.villasilvakorcula.com\/#website\"},\"primaryImageOfPage\":{\"@id\":\"https:\/\/www.villasilvakorcula.com\/de\/wohnungen-vela-luka\/vela-luka-karte\/#primaryimage\"},\"image\":{\"@id\":\"https:\/\/www.villasilvakorcula.com\/de\/wohnungen-vela-luka\/vela-luka-karte\/#primaryimage\"},\"thumbnailUrl\":\"https:\/\/www.villasilvakorcula.com\/wp-content\/uploads\/2017\/08\/villa-sillva-apartments-vela-luka-nova-drone-05-300x200.jpg\",\"datePublished\":\"2018-03-18T15:28:15+00:00\",\"dateModified\":\"2020-06-07T16:05:15+00:00\",\"breadcrumb\":{\"@id\":\"https:\/\/www.villasilvakorcula.com\/de\/wohnungen-vela-luka\/vela-luka-karte\/#breadcrumb\"},\"inLanguage\":\"de\",\"potentialAction\":[{\"@type\":\"ReadAction\",\"target\":[\"https:\/\/www.villasilvakorcula.com\/de\/wohnungen-vela-luka\/vela-luka-karte\/\"]}]},{\"@type\":\"ImageObject\",\"inLanguage\":\"de\",\"@id\":\"https:\/\/www.villasilvakorcula.com\/de\/wohnungen-vela-luka\/vela-luka-karte\/#primaryimage\",\"url\":\"https:\/\/www.villasilvakorcula.com\/wp-content\/uploads\/2017\/08\/villa-sillva-apartments-vela-luka-nova-drone-05-300x200.jpg\",\"contentUrl\":\"https:\/\/www.villasilvakorcula.com\/wp-content\/uploads\/2017\/08\/villa-sillva-apartments-vela-luka-nova-drone-05-300x200.jpg\"},{\"@type\":\"BreadcrumbList\",\"@id\":\"https:\/\/www.villasilvakorcula.com\/de\/wohnungen-vela-luka\/vela-luka-karte\/#breadcrumb\",\"itemListElement\":[{\"@type\":\"ListItem\",\"position\":1,\"name\":\"Home\",\"item\":\"https:\/\/www.villasilvakorcula.com\/\"},{\"@type\":\"ListItem\",\"position\":2,\"name\":\"Wohnungen Vela Luka\",\"item\":\"https:\/\/www.villasilvakorcula.com\/de\/wohnungen-vela-luka\/\"},{\"@type\":\"ListItem\",\"position\":3,\"name\":\"Vela Luka Karte\"}]},{\"@type\":\"WebSite\",\"@id\":\"https:\/\/www.villasilvakorcula.com\/#website\",\"url\":\"https:\/\/www.villasilvakorcula.com\/\",\"name\":\"Villa Silva\",\"description\":\"\",\"potentialAction\":[{\"@type\":\"SearchAction\",\"target\":{\"@type\":\"EntryPoint\",\"urlTemplate\":\"https:\/\/www.villasilvakorcula.com\/?s={search_term_string}\"},\"query-input\":{\"@type\":\"PropertyValueSpecification\",\"valueRequired\":true,\"valueName\":\"search_term_string\"}}],\"inLanguage\":\"de\"}]}<\/script>\n<!-- \/ Yoast SEO plugin. -->","yoast_head_json":{"title":"Vela Luka Karte Villa Silva","robots":{"index":"index","follow":"follow","max-snippet":"max-snippet:-1","max-image-preview":"max-image-preview:large","max-video-preview":"max-video-preview:-1"},"canonical":"https:\/\/www.villasilvakorcula.com\/de\/wohnungen-vela-luka\/vela-luka-karte\/","og_locale":"de_DE","og_type":"article","og_title":"Vela Luka Karte Villa Silva","og_description":"Das Haus befindet sich im ruhigen Dorf Nova, 8 km von Vela Luka, 10 km von Blato, 46 km von der Stadt Kor\u010dula entfernt. Alle D\u00f6rfer sind gut durch die Stra\u00dfen verbunden. Die Villa liegt nur wenige Meter vom Strand, von den sich ein wundersch\u00f6ner Blick auf","og_url":"https:\/\/www.villasilvakorcula.com\/de\/wohnungen-vela-luka\/vela-luka-karte\/","og_site_name":"Villa Silva","article_modified_time":"2020-06-07T16:05:15+00:00","og_image":[{"url":"https:\/\/www.villasilvakorcula.com\/wp-content\/uploads\/2017\/08\/villa-sillva-apartments-vela-luka-nova-drone-05-300x200.jpg","type":"","width":"","height":""}],"twitter_misc":{"Gesch\u00e4tzte Lesezeit":"1\u00a0Minute"},"schema":{"@context":"https:\/\/schema.org","@graph":[{"@type":"WebPage","@id":"https:\/\/www.villasilvakorcula.com\/de\/wohnungen-vela-luka\/vela-luka-karte\/","url":"https:\/\/www.villasilvakorcula.com\/de\/wohnungen-vela-luka\/vela-luka-karte\/","name":"Vela Luka Karte Villa Silva","isPartOf":{"@id":"https:\/\/www.villasilvakorcula.com\/#website"},"primaryImageOfPage":{"@id":"https:\/\/www.villasilvakorcula.com\/de\/wohnungen-vela-luka\/vela-luka-karte\/#primaryimage"},"image":{"@id":"https:\/\/www.villasilvakorcula.com\/de\/wohnungen-vela-luka\/vela-luka-karte\/#primaryimage"},"thumbnailUrl":"https:\/\/www.villasilvakorcula.com\/wp-content\/uploads\/2017\/08\/villa-sillva-apartments-vela-luka-nova-drone-05-300x200.jpg","datePublished":"2018-03-18T15:28:15+00:00","dateModified":"2020-06-07T16:05:15+00:00","breadcrumb":{"@id":"https:\/\/www.villasilvakorcula.com\/de\/wohnungen-vela-luka\/vela-luka-karte\/#breadcrumb"},"inLanguage":"de","potentialAction":[{"@type":"ReadAction","target":["https:\/\/www.villasilvakorcula.com\/de\/wohnungen-vela-luka\/vela-luka-karte\/"]}]},{"@type":"ImageObject","inLanguage":"de","@id":"https:\/\/www.villasilvakorcula.com\/de\/wohnungen-vela-luka\/vela-luka-karte\/#primaryimage","url":"https:\/\/www.villasilvakorcula.com\/wp-content\/uploads\/2017\/08\/villa-sillva-apartments-vela-luka-nova-drone-05-300x200.jpg","contentUrl":"https:\/\/www.villasilvakorcula.com\/wp-content\/uploads\/2017\/08\/villa-sillva-apartments-vela-luka-nova-drone-05-300x200.jpg"},{"@type":"BreadcrumbList","@id":"https:\/\/www.villasilvakorcula.com\/de\/wohnungen-vela-luka\/vela-luka-karte\/#breadcrumb","itemListElement":[{"@type":"ListItem","position":1,"name":"Home","item":"https:\/\/www.villasilvakorcula.com\/"},{"@type":"ListItem","position":2,"name":"Wohnungen Vela Luka","item":"https:\/\/www.villasilvakorcula.com\/de\/wohnungen-vela-luka\/"},{"@type":"ListItem","position":3,"name":"Vela Luka Karte"}]},{"@type":"WebSite","@id":"https:\/\/www.villasilvakorcula.com\/#website","url":"https:\/\/www.villasilvakorcula.com\/","name":"Villa Silva","description":"","potentialAction":[{"@type":"SearchAction","target":{"@type":"EntryPoint","urlTemplate":"https:\/\/www.villasilvakorcula.com\/?s={search_term_string}"},"query-input":{"@type":"PropertyValueSpecification","valueRequired":true,"valueName":"search_term_string"}}],"inLanguage":"de"}]}},"jetpack_sharing_enabled":true,"_links":{"self":[{"href":"https:\/\/www.villasilvakorcula.com\/de\/wp-json\/wp\/v2\/pages\/2832","targetHints":{"allow":["GET"]}}],"collection":[{"href":"https:\/\/www.villasilvakorcula.com\/de\/wp-json\/wp\/v2\/pages"}],"about":[{"href":"https:\/\/www.villasilvakorcula.com\/de\/wp-json\/wp\/v2\/types\/page"}],"author":[{"embeddable":true,"href":"https:\/\/www.villasilvakorcula.com\/de\/wp-json\/wp\/v2\/users\/4"}],"replies":[{"embeddable":true,"href":"https:\/\/www.villasilvakorcula.com\/de\/wp-json\/wp\/v2\/comments?post=2832"}],"version-history":[{"count":0,"href":"https:\/\/www.villasilvakorcula.com\/de\/wp-json\/wp\/v2\/pages\/2832\/revisions"}],"up":[{"embeddable":true,"href":"https:\/\/www.villasilvakorcula.com\/de\/wp-json\/wp\/v2\/pages\/2871"}],"wp:attachment":[{"href":"https:\/\/www.villasilvakorcula.com\/de\/wp-json\/wp\/v2\/media?parent=2832"}],"curies":[{"name":"wp","href":"https:\/\/api.w.org\/{rel}","templated":true}]}}