{"id":2814,"date":"2018-03-18T18:07:59","date_gmt":"2018-03-18T17:07:59","guid":{"rendered":"https:\/\/www.villasilvakorcula.com\/?page_id=2814"},"modified":"2018-03-19T23:15:14","modified_gmt":"2018-03-19T22:15:14","slug":"vela-luka-aktivitaeten-blato-korcula","status":"publish","type":"page","link":"https:\/\/www.villasilvakorcula.com\/de\/wohnungen-vela-luka\/vela-luka-aktivitaeten-blato-korcula\/","title":{"rendered":"Vela Luka Aktivit\u00e4ten, Blato, Korcula"},"content":{"rendered":"<p>Der Ort Nova ist durch lokale Stra\u00dfen mit den nahen gelegenen Orten wie Vela Luka und Blato, sowie mit anderen Orten auf Kor\u010dula gut verbunden. Dort finden Sie verschiedene Sportaktivit\u00e4ten, kulturelle Veranstaltungen und eine Vielzahl von gastronomischen Angeboten sowie weitere touristische Attraktionen.<\/p>\n<div class=\"custom-frame-wrapper alignleft frame-shadow\"><div class=\"custom-frame-inner-wrapper\"><div class=\"custom-frame-padding\"><a href=\"http:\/\/villasilvakorcula.com\/wp-content\/uploads\/2013\/10\/vela-luka.jpg\"><img loading=\"lazy\" decoding=\"async\" class=\"alignnone size-medium wp-image-759\" src=\"http:\/\/villasilvakorcula.com\/wp-content\/uploads\/2013\/10\/vela-luka-300x198.jpg\" alt=\"Vela Luka\" width=\"300\" height=\"198\" \/><\/a><\/div><\/div><\/div> Die n\u00e4chsten Restaurants sind in Vela Luka, wo Sie Pizzerien, Gesch\u00e4fte und Fischm\u00e4rkte, Bootsverleih, Segelschule, Tauchschule, Bootsfahrten und verschiedene andere Aktivit\u00e4ten finden k\u00f6nnen. Am Eingang von Vela Luka befindet sich die Insel Proizd, die f\u00fcr einen der sch\u00f6nsten Str\u00e4nde Kroatiens bekannt ist. Wir empfehlen den Besuch der Festung Hum wegen der Aussicht, die zum westlichen Teil der Insel Kor\u010dula und den benachbarten Inseln fliegt. Verpassen Sie nicht die arch\u00e4ologische St\u00e4tte von Vela Spila. Das Interesse der lokalen und ausl\u00e4ndischen Arch\u00e4ologen an dieser St\u00e4tte w\u00e4chst Jahr f\u00fcr Jahr aufgrund einiger der weltbekannten Entdeckungen. F\u00fcr kulturelle Veranstaltungen empfehlen wir die folgenden Seiten zu besuchen: Vela Luka Info Tourismusverband Vela Luka.<\/p>\n<div class=\"custom-frame-wrapper alignleft frame-shadow\"><div class=\"custom-frame-inner-wrapper\"><div class=\"custom-frame-padding\"><a href=\"http:\/\/villasilvakorcula.com\/wp-content\/uploads\/2013\/10\/blato.jpg\"><img loading=\"lazy\" decoding=\"async\" class=\"alignnone size-medium wp-image-760\" src=\"http:\/\/villasilvakorcula.com\/wp-content\/uploads\/2013\/10\/blato-300x198.jpg\" alt=\"Blato\" width=\"300\" height=\"198\" \/><\/a><\/div><\/div><\/div> In Blato finden Sie Restaurants, Pizzerien, Gesch\u00e4fte und Fischm\u00e4rkte. Neben dem sch\u00f6nen alten Stadtkern gibt es auch die Allee der Linden &#8211; die zweitgr\u00f6\u00dfte Allee der Linden (die erste ist \u201eUnter den Linden\u201c in Berlin). Blato hat mehrere bewohnte Buchten, die beliebte<br \/>\nSommerziele sind. Das Angebot besteht aus: Mietbooten, Tauchen und verschiedene Restaurants und Sportaktivit\u00e4ten. In der N\u00e4he befinden sich Rad- und Wanderwege mit interessanten historischen St\u00e4tten. Blato hat auch ein reiches Angebot an kulturellen Veranstaltungen &#8211; besuchen Sie die Website des Tourismusverbandes der Gemeinde Blato f\u00fcr weitere Informationen.<\/p>\n<div class=\"custom-frame-wrapper alignleft frame-shadow\"><div class=\"custom-frame-inner-wrapper\"><div class=\"custom-frame-padding\"><a href=\"http:\/\/villasilvakorcula.com\/wp-content\/uploads\/2013\/10\/korcula.jpg\"><img loading=\"lazy\" decoding=\"async\" class=\"alignnone size-medium wp-image-761\" src=\"http:\/\/villasilvakorcula.com\/wp-content\/uploads\/2013\/10\/korcula-300x200.jpg\" alt=\"Korcula\" width=\"300\" height=\"200\" srcset=\"https:\/\/www.villasilvakorcula.com\/wp-content\/uploads\/2013\/10\/korcula-300x200.jpg 300w, https:\/\/www.villasilvakorcula.com\/wp-content\/uploads\/2013\/10\/korcula-768x512.jpg 768w, https:\/\/www.villasilvakorcula.com\/wp-content\/uploads\/2013\/10\/korcula-600x400.jpg 600w, https:\/\/www.villasilvakorcula.com\/wp-content\/uploads\/2013\/10\/korcula.jpg 900w\" sizes=\"auto, (max-width: 300px) 100vw, 300px\" \/><\/a><\/div><\/div><\/div> Die Stadt Kor\u010dula ist wahrscheinlich der bekannteste Ort auf der Insel Kor\u010dula. Das reiche Angebot an Veranstaltungen im Sommer, das Haus und Museum von Marco Polo, die Altstadt, zahlreiche Restaurants, der sch\u00f6ne Strand in der N\u00e4he von Kor\u010dula und eine Vielzahl von Aktivit\u00e4ten erm\u00f6glichen Ihnen ein unvergessliches Erlebnis auf der Insel Kor\u010dula.<\/p>\n","protected":false},"excerpt":{"rendered":"<p>Der Ort Nova ist durch lokale Stra\u00dfen mit den nahen gelegenen Orten wie Vela Luka und Blato, sowie mit anderen Orten auf Kor\u010dula gut verbunden. Dort finden Sie verschiedene Sportaktivit\u00e4ten, kulturelle Veranstaltungen und eine Vielzahl von gastronomischen Angeboten sowie weitere touristische Attraktionen. Die n\u00e4chsten Restaurants sind in<\/p>\n","protected":false},"author":4,"featured_media":0,"parent":2871,"menu_order":0,"comment_status":"closed","ping_status":"closed","template":"page-PageTemplate2.php","meta":{"footnotes":""},"class_list":["post-2814","page","type-page","status-publish","hentry"],"yoast_head":"<!-- This site is optimized with the Yoast SEO plugin v26.2 - https:\/\/yoast.com\/wordpress\/plugins\/seo\/ -->\n<title>Vela Luka Aktivit\u00e4ten, Blato, Korcula Villa Silva<\/title>\n<meta name=\"robots\" content=\"index, follow, max-snippet:-1, max-image-preview:large, max-video-preview:-1\" \/>\n<link rel=\"canonical\" href=\"https:\/\/www.villasilvakorcula.com\/de\/wohnungen-vela-luka\/vela-luka-aktivitaeten-blato-korcula\/\" \/>\n<meta property=\"og:locale\" content=\"de_DE\" \/>\n<meta property=\"og:type\" content=\"article\" \/>\n<meta property=\"og:title\" content=\"Vela Luka Aktivit\u00e4ten, Blato, Korcula Villa Silva\" \/>\n<meta property=\"og:description\" content=\"Der Ort Nova ist durch lokale Stra\u00dfen mit den nahen gelegenen Orten wie Vela Luka und Blato, sowie mit anderen Orten auf Kor\u010dula gut verbunden. Dort finden Sie verschiedene Sportaktivit\u00e4ten, kulturelle Veranstaltungen und eine Vielzahl von gastronomischen Angeboten sowie weitere touristische Attraktionen. Die n\u00e4chsten Restaurants sind in\" \/>\n<meta property=\"og:url\" content=\"https:\/\/www.villasilvakorcula.com\/de\/wohnungen-vela-luka\/vela-luka-aktivitaeten-blato-korcula\/\" \/>\n<meta property=\"og:site_name\" content=\"Villa Silva\" \/>\n<meta property=\"article:modified_time\" content=\"2018-03-19T22:15:14+00:00\" \/>\n<meta property=\"og:image\" content=\"http:\/\/villasilvakorcula.com\/wp-content\/uploads\/2013\/10\/vela-luka-300x198.jpg\" \/>\n<meta name=\"twitter:label1\" content=\"Gesch\u00e4tzte Lesezeit\" \/>\n\t<meta name=\"twitter:data1\" content=\"2\u00a0Minuten\" \/>\n<script type=\"application\/ld+json\" class=\"yoast-schema-graph\">{\"@context\":\"https:\/\/schema.org\",\"@graph\":[{\"@type\":\"WebPage\",\"@id\":\"https:\/\/www.villasilvakorcula.com\/de\/wohnungen-vela-luka\/vela-luka-aktivitaeten-blato-korcula\/\",\"url\":\"https:\/\/www.villasilvakorcula.com\/de\/wohnungen-vela-luka\/vela-luka-aktivitaeten-blato-korcula\/\",\"name\":\"Vela Luka Aktivit\u00e4ten, Blato, Korcula Villa Silva\",\"isPartOf\":{\"@id\":\"https:\/\/www.villasilvakorcula.com\/#website\"},\"primaryImageOfPage\":{\"@id\":\"https:\/\/www.villasilvakorcula.com\/de\/wohnungen-vela-luka\/vela-luka-aktivitaeten-blato-korcula\/#primaryimage\"},\"image\":{\"@id\":\"https:\/\/www.villasilvakorcula.com\/de\/wohnungen-vela-luka\/vela-luka-aktivitaeten-blato-korcula\/#primaryimage\"},\"thumbnailUrl\":\"http:\/\/villasilvakorcula.com\/wp-content\/uploads\/2013\/10\/vela-luka-300x198.jpg\",\"datePublished\":\"2018-03-18T17:07:59+00:00\",\"dateModified\":\"2018-03-19T22:15:14+00:00\",\"breadcrumb\":{\"@id\":\"https:\/\/www.villasilvakorcula.com\/de\/wohnungen-vela-luka\/vela-luka-aktivitaeten-blato-korcula\/#breadcrumb\"},\"inLanguage\":\"de\",\"potentialAction\":[{\"@type\":\"ReadAction\",\"target\":[\"https:\/\/www.villasilvakorcula.com\/de\/wohnungen-vela-luka\/vela-luka-aktivitaeten-blato-korcula\/\"]}]},{\"@type\":\"ImageObject\",\"inLanguage\":\"de\",\"@id\":\"https:\/\/www.villasilvakorcula.com\/de\/wohnungen-vela-luka\/vela-luka-aktivitaeten-blato-korcula\/#primaryimage\",\"url\":\"http:\/\/villasilvakorcula.com\/wp-content\/uploads\/2013\/10\/vela-luka-300x198.jpg\",\"contentUrl\":\"http:\/\/villasilvakorcula.com\/wp-content\/uploads\/2013\/10\/vela-luka-300x198.jpg\"},{\"@type\":\"BreadcrumbList\",\"@id\":\"https:\/\/www.villasilvakorcula.com\/de\/wohnungen-vela-luka\/vela-luka-aktivitaeten-blato-korcula\/#breadcrumb\",\"itemListElement\":[{\"@type\":\"ListItem\",\"position\":1,\"name\":\"Home\",\"item\":\"https:\/\/www.villasilvakorcula.com\/\"},{\"@type\":\"ListItem\",\"position\":2,\"name\":\"Wohnungen Vela Luka\",\"item\":\"https:\/\/www.villasilvakorcula.com\/de\/wohnungen-vela-luka\/\"},{\"@type\":\"ListItem\",\"position\":3,\"name\":\"Vela Luka Aktivit\u00e4ten, Blato, Korcula\"}]},{\"@type\":\"WebSite\",\"@id\":\"https:\/\/www.villasilvakorcula.com\/#website\",\"url\":\"https:\/\/www.villasilvakorcula.com\/\",\"name\":\"Villa Silva\",\"description\":\"\",\"potentialAction\":[{\"@type\":\"SearchAction\",\"target\":{\"@type\":\"EntryPoint\",\"urlTemplate\":\"https:\/\/www.villasilvakorcula.com\/?s={search_term_string}\"},\"query-input\":{\"@type\":\"PropertyValueSpecification\",\"valueRequired\":true,\"valueName\":\"search_term_string\"}}],\"inLanguage\":\"de\"}]}<\/script>\n<!-- \/ Yoast SEO plugin. -->","yoast_head_json":{"title":"Vela Luka Aktivit\u00e4ten, Blato, Korcula Villa Silva","robots":{"index":"index","follow":"follow","max-snippet":"max-snippet:-1","max-image-preview":"max-image-preview:large","max-video-preview":"max-video-preview:-1"},"canonical":"https:\/\/www.villasilvakorcula.com\/de\/wohnungen-vela-luka\/vela-luka-aktivitaeten-blato-korcula\/","og_locale":"de_DE","og_type":"article","og_title":"Vela Luka Aktivit\u00e4ten, Blato, Korcula Villa Silva","og_description":"Der Ort Nova ist durch lokale Stra\u00dfen mit den nahen gelegenen Orten wie Vela Luka und Blato, sowie mit anderen Orten auf Kor\u010dula gut verbunden. Dort finden Sie verschiedene Sportaktivit\u00e4ten, kulturelle Veranstaltungen und eine Vielzahl von gastronomischen Angeboten sowie weitere touristische Attraktionen. Die n\u00e4chsten Restaurants sind in","og_url":"https:\/\/www.villasilvakorcula.com\/de\/wohnungen-vela-luka\/vela-luka-aktivitaeten-blato-korcula\/","og_site_name":"Villa Silva","article_modified_time":"2018-03-19T22:15:14+00:00","og_image":[{"url":"http:\/\/villasilvakorcula.com\/wp-content\/uploads\/2013\/10\/vela-luka-300x198.jpg","type":"","width":"","height":""}],"twitter_misc":{"Gesch\u00e4tzte Lesezeit":"2\u00a0Minuten"},"schema":{"@context":"https:\/\/schema.org","@graph":[{"@type":"WebPage","@id":"https:\/\/www.villasilvakorcula.com\/de\/wohnungen-vela-luka\/vela-luka-aktivitaeten-blato-korcula\/","url":"https:\/\/www.villasilvakorcula.com\/de\/wohnungen-vela-luka\/vela-luka-aktivitaeten-blato-korcula\/","name":"Vela Luka Aktivit\u00e4ten, Blato, Korcula Villa Silva","isPartOf":{"@id":"https:\/\/www.villasilvakorcula.com\/#website"},"primaryImageOfPage":{"@id":"https:\/\/www.villasilvakorcula.com\/de\/wohnungen-vela-luka\/vela-luka-aktivitaeten-blato-korcula\/#primaryimage"},"image":{"@id":"https:\/\/www.villasilvakorcula.com\/de\/wohnungen-vela-luka\/vela-luka-aktivitaeten-blato-korcula\/#primaryimage"},"thumbnailUrl":"http:\/\/villasilvakorcula.com\/wp-content\/uploads\/2013\/10\/vela-luka-300x198.jpg","datePublished":"2018-03-18T17:07:59+00:00","dateModified":"2018-03-19T22:15:14+00:00","breadcrumb":{"@id":"https:\/\/www.villasilvakorcula.com\/de\/wohnungen-vela-luka\/vela-luka-aktivitaeten-blato-korcula\/#breadcrumb"},"inLanguage":"de","potentialAction":[{"@type":"ReadAction","target":["https:\/\/www.villasilvakorcula.com\/de\/wohnungen-vela-luka\/vela-luka-aktivitaeten-blato-korcula\/"]}]},{"@type":"ImageObject","inLanguage":"de","@id":"https:\/\/www.villasilvakorcula.com\/de\/wohnungen-vela-luka\/vela-luka-aktivitaeten-blato-korcula\/#primaryimage","url":"http:\/\/villasilvakorcula.com\/wp-content\/uploads\/2013\/10\/vela-luka-300x198.jpg","contentUrl":"http:\/\/villasilvakorcula.com\/wp-content\/uploads\/2013\/10\/vela-luka-300x198.jpg"},{"@type":"BreadcrumbList","@id":"https:\/\/www.villasilvakorcula.com\/de\/wohnungen-vela-luka\/vela-luka-aktivitaeten-blato-korcula\/#breadcrumb","itemListElement":[{"@type":"ListItem","position":1,"name":"Home","item":"https:\/\/www.villasilvakorcula.com\/"},{"@type":"ListItem","position":2,"name":"Wohnungen Vela Luka","item":"https:\/\/www.villasilvakorcula.com\/de\/wohnungen-vela-luka\/"},{"@type":"ListItem","position":3,"name":"Vela Luka Aktivit\u00e4ten, Blato, Korcula"}]},{"@type":"WebSite","@id":"https:\/\/www.villasilvakorcula.com\/#website","url":"https:\/\/www.villasilvakorcula.com\/","name":"Villa Silva","description":"","potentialAction":[{"@type":"SearchAction","target":{"@type":"EntryPoint","urlTemplate":"https:\/\/www.villasilvakorcula.com\/?s={search_term_string}"},"query-input":{"@type":"PropertyValueSpecification","valueRequired":true,"valueName":"search_term_string"}}],"inLanguage":"de"}]}},"jetpack_sharing_enabled":true,"_links":{"self":[{"href":"https:\/\/www.villasilvakorcula.com\/de\/wp-json\/wp\/v2\/pages\/2814","targetHints":{"allow":["GET"]}}],"collection":[{"href":"https:\/\/www.villasilvakorcula.com\/de\/wp-json\/wp\/v2\/pages"}],"about":[{"href":"https:\/\/www.villasilvakorcula.com\/de\/wp-json\/wp\/v2\/types\/page"}],"author":[{"embeddable":true,"href":"https:\/\/www.villasilvakorcula.com\/de\/wp-json\/wp\/v2\/users\/4"}],"replies":[{"embeddable":true,"href":"https:\/\/www.villasilvakorcula.com\/de\/wp-json\/wp\/v2\/comments?post=2814"}],"version-history":[{"count":0,"href":"https:\/\/www.villasilvakorcula.com\/de\/wp-json\/wp\/v2\/pages\/2814\/revisions"}],"up":[{"embeddable":true,"href":"https:\/\/www.villasilvakorcula.com\/de\/wp-json\/wp\/v2\/pages\/2871"}],"wp:attachment":[{"href":"https:\/\/www.villasilvakorcula.com\/de\/wp-json\/wp\/v2\/media?parent=2814"}],"curies":[{"name":"wp","href":"https:\/\/api.w.org\/{rel}","templated":true}]}}